{"id":22496,"date":"2025-08-21T08:11:55","date_gmt":"2025-08-21T08:11:55","guid":{"rendered":"https:\/\/barrsell.com\/?page_id=22496"},"modified":"2025-08-21T11:18:50","modified_gmt":"2025-08-21T11:18:50","slug":"turk-hamam-imalati","status":"publish","type":"page","link":"https:\/\/barrsell.com\/en\/turkish-bath-manufacturing\/","title":{"rendered":"T\u00fcrk Hamam \u0130malat\u0131"},"content":{"rendered":"<div data-elementor-type=\"wp-page\" data-elementor-id=\"22496\" class=\"elementor elementor-22496\" data-elementor-post-type=\"page\">\n\t\t\t\t\t\t<section class=\"wd-negative-gap elementor-section elementor-top-section elementor-element elementor-element-c4ac354 elementor-section-boxed elementor-section-height-default elementor-section-height-default\" data-id=\"c4ac354\" data-element_type=\"section\">\n\t\t\t\t\t\t<div class=\"elementor-container elementor-column-gap-default\">\n\t\t\t\t\t<div class=\"elementor-column elementor-col-100 elementor-top-column elementor-element elementor-element-57069e9 wd_scroll_x_0 wd_scroll_y_-1 wd_scroll_z_-120 wd-parallax-on-scroll wd_scroll_smoothness_30\" data-id=\"57069e9\" data-element_type=\"column\">\n\t\t\t<div class=\"elementor-widget-wrap elementor-element-populated\">\n\t\t\t\t\t\t<div class=\"elementor-element elementor-element-30b8e14 elementor-hidden-mobile elementor-widget elementor-widget-wd_text_block\" data-id=\"30b8e14\" data-element_type=\"widget\" data-widget_type=\"wd_text_block.default\">\n\t\t\t\t<div class=\"elementor-widget-container\">\n\t\t\t\t\t\t\t<div class=\"wd-text-block reset-last-child text-left\">\n\t\t\t\n\t\t\t<p><strong>BRS<\/strong><\/p>\n\t\t\t\t\t<\/div>\n\t\t\t\t\t\t<\/div>\n\t\t\t\t<\/div>\n\t\t\t\t<div class=\"elementor-element elementor-element-a11d238 wd-width-100 elementor-widget elementor-widget-wd_title\" data-id=\"a11d238\" data-element_type=\"widget\" data-widget_type=\"wd_title.default\">\n\t\t\t\t<div class=\"elementor-widget-container\">\n\t\t\t\t\t\t\t<div class=\"title-wrapper set-mb-s reset-last-child wd-title-color-default wd-title-style-default wd-title-size-extra-large text-center\">\n\n\t\t\t\n\t\t\t<div class=\"liner-continer\">\n\t\t\t\t<h4 class=\"woodmart-title-container title wd-fontsize-xxxl wd-underline-colored\">The unique combination of warmth, water, and marble<\/h4> \n\t\t\t\t\t\t\t<\/div>\n\n\t\t\t\t\t<\/div>\n\t\t\t\t\t\t<\/div>\n\t\t\t\t<\/div>\n\t\t\t\t<div class=\"elementor-element elementor-element-e14bcee elementor-widget elementor-widget-wd_text_block\" data-id=\"e14bcee\" data-element_type=\"widget\" data-widget_type=\"wd_text_block.default\">\n\t\t\t\t<div class=\"elementor-widget-container\">\n\t\t\t\t\t\t\t<div class=\"wd-text-block reset-last-child text-center\">\n\t\t\t\n\t\t\t<article class=\"text-token-text-primary w-full focus:outline-none scroll-mt-[calc(var(--header-height)+min(200px,max(70px,20svh)))]\" dir=\"auto\" tabindex=\"-1\" data-testid=\"conversation-turn-62\" data-scroll-anchor=\"true\" data-turn=\"assistant\"><div class=\"text-base my-auto mx-auto pb-10 [--thread-content-margin:--spacing(4)] @[37rem]:[--thread-content-margin:--spacing(6)] @[72rem]:[--thread-content-margin:--spacing(16)] px-(--thread-content-margin)\"><div class=\"[--thread-content-max-width:32rem] @[34rem]:[--thread-content-max-width:40rem] @[64rem]:[--thread-content-max-width:48rem] mx-auto max-w-(--thread-content-max-width) flex-1 group\/turn-messages focus-visible:outline-hidden relative flex w-full min-w-0 flex-col agent-turn\" tabindex=\"-1\"><div class=\"flex max-w-full flex-col grow\"><div class=\"min-h-8 text-message relative flex w-full flex-col items-end gap-2 text-start break-words whitespace-normal [.text-message+&amp;]:mt-5\" dir=\"auto\" data-message-author-role=\"assistant\" data-message-id=\"5595b25e-6147-4be6-834a-24ae68c30c99\" data-message-model-slug=\"o4-mini-high\"><div class=\"flex w-full flex-col gap-1 empty:hidden first:pt-[3px]\"><div class=\"markdown prose dark:prose-invert w-full break-words light\"><p data-start=\"328\" data-end=\"655\" class=\" translation-block\">At Barrsell End\u00fcstri, we combine the centuries-old tradition of Turkish baths with modern architecture to offer custom bath designs for specific projects. We manufacture Turkish baths, which are not just a place for cleansing but also a <strong data-start=\"\u201c509\u201d\" data-end=\"\u201c544\u201d\">space for the purification of the mind and body<\/strong>, using a combination of <strong data-start=\"\u2018568\u2019\" data-end=\"\u201c621\u201d\">unique design + high-quality materials + expert craftsmanship<\/strong> to deliver turnkey solutions.\n\nTranslated with DeepL.com (free version)<\/p><\/div><\/div><\/div><\/div><\/div><\/div><\/article>\n\t\t\t\t\t<\/div>\n\t\t\t\t\t\t<\/div>\n\t\t\t\t<\/div>\n\t\t\t\t\t<\/div>\n\t\t<\/div>\n\t\t\t\t\t<\/div>\n\t\t<\/section>\n\t\t\t\t<section class=\"wd-negative-gap elementor-section elementor-top-section elementor-element elementor-element-e17f122 wd-section-stretch_row_content elementor-section-boxed elementor-section-height-default elementor-section-height-default\" data-id=\"e17f122\" data-element_type=\"section\" data-settings=\"{&quot;background_background&quot;:&quot;classic&quot;}\">\n\t\t\t\t\t\t<div class=\"elementor-container elementor-column-gap-default\">\n\t\t\t\t\t<div class=\"elementor-column elementor-col-33 elementor-top-column elementor-element elementor-element-3fd82a0\" data-id=\"3fd82a0\" data-element_type=\"column\">\n\t\t\t<div class=\"elementor-widget-wrap elementor-element-populated\">\n\t\t\t\t\t\t<div class=\"elementor-element elementor-element-eaedfe6 elementor-widget elementor-widget-wd_image_or_svg\" data-id=\"eaedfe6\" data-element_type=\"widget\" data-widget_type=\"wd_image_or_svg.default\">\n\t\t\t\t<div class=\"elementor-widget-container\">\n\t\t\t\t\t\n\t\t<div class=\"wd-image text-left\">\n\t\t\t\t\t\t\t\t<img fetchpriority=\"high\" decoding=\"async\" width=\"400\" height=\"520\" src=\"https:\/\/barrsell.com\/wp-content\/uploads\/2024\/09\/turk-hamami-4-400x520.webp\" class=\"attachment-400x520 size-400x520\" alt=\"\" \/>\t\t\t\t\t<\/div>\n\n\t\t\t\t\t\t<\/div>\n\t\t\t\t<\/div>\n\t\t\t\t\t<\/div>\n\t\t<\/div>\n\t\t\t\t<div class=\"elementor-column elementor-col-33 elementor-top-column elementor-element elementor-element-9562fc8 color-scheme-light\" data-id=\"9562fc8\" data-element_type=\"column\" data-settings=\"{&quot;background_background&quot;:&quot;classic&quot;}\">\n\t\t\t<div class=\"elementor-widget-wrap elementor-element-populated\">\n\t\t\t\t\t\t<div class=\"elementor-element elementor-element-676dce6 wd-width-100 elementor-widget elementor-widget-wd_title\" data-id=\"676dce6\" data-element_type=\"widget\" data-widget_type=\"wd_title.default\">\n\t\t\t\t<div class=\"elementor-widget-container\">\n\t\t\t\t\t\t\t<div class=\"title-wrapper set-mb-s reset-last-child wd-title-color-default wd-title-style-default wd-title-size-extra-large text-center\">\n\n\t\t\t\n\t\t\t<div class=\"liner-continer\">\n\t\t\t\t<h4 class=\"woodmart-title-container title wd-fontsize-xxxl\">We keep the Ottoman bath culture alive with modern aesthetics.<\/h4> \n\t\t\t\t\t\t\t<\/div>\n\n\t\t\t\t\t<\/div>\n\t\t\t\t\t\t<\/div>\n\t\t\t\t<\/div>\n\t\t\t\t<div class=\"elementor-element elementor-element-ea85569 elementor-widget elementor-widget-wd_text_block\" data-id=\"ea85569\" data-element_type=\"widget\" data-widget_type=\"wd_text_block.default\">\n\t\t\t\t<div class=\"elementor-widget-container\">\n\t\t\t\t\t\t\t<div class=\"wd-text-block reset-last-child text-center\">\n\t\t\t\n\t\t\t<p data-start=\"657\" data-end=\"833\">\u2705 Custom-designed marble belly stones<br data-start=\"692\" data-end=\"695\" \/>\u2705 Moisture and heat resistant structures<br data-start=\"728\" data-end=\"731\" \/>\u2705 LED-illuminated domes, traditional patterns<br data-start=\"779\" data-end=\"782\" \/>\u2705 State-of-the-art solutions for steam and heating systems<\/p>\n\t\t\t\t\t<\/div>\n\t\t\t\t\t\t<\/div>\n\t\t\t\t<\/div>\n\t\t\t\t<div class=\"elementor-element elementor-element-41e4eb9 elementor-widget__width-auto elementor-widget elementor-widget-wd_button\" data-id=\"41e4eb9\" data-element_type=\"widget\" data-widget_type=\"wd_button.default\">\n\t\t\t\t<div class=\"elementor-widget-container\">\n\t\t\t\t\t\t\t<div class=\"wd-button-wrapper text-center\" >\n\t\t\t<a class=\"btn btn-style-default btn-style-rectangle btn-size-default btn-color-default btn-icon-pos-right\"  href=\"https:\/\/barrsell.com\/en\/kategoriler\/turk-hamami-ekipmanlari\/\">\n\t\t\t\t<span class=\"wd-btn-text\" data-elementor-setting-key=\"text\">\n\t\t\t\t\tBath Equipment\t\t\t\t<\/span>\n\n\t\t\t\t\t\t\t<\/a>\n\t\t<\/div>\n\t\t\t\t\t\t<\/div>\n\t\t\t\t<\/div>\n\t\t\t\t<div class=\"elementor-element elementor-element-e8bee88 elementor-widget__width-auto elementor-widget elementor-widget-wd_button\" data-id=\"e8bee88\" data-element_type=\"widget\" data-widget_type=\"wd_button.default\">\n\t\t\t\t<div class=\"elementor-widget-container\">\n\t\t\t\t\t\t\t<div class=\"wd-button-wrapper text-center\" >\n\t\t\t<a class=\"btn btn-style-bordered btn-style-rectangle btn-size-default btn-color-white btn-icon-pos-right\"  href=\"https:\/\/barrsell.com\/en\/kategori\/turk-hamami\/\">\n\t\t\t\t<span class=\"wd-btn-text\" data-elementor-setting-key=\"text\">\n\t\t\t\t\tMore than\t\t\t\t<\/span>\n\n\t\t\t\t\t\t\t<\/a>\n\t\t<\/div>\n\t\t\t\t\t\t<\/div>\n\t\t\t\t<\/div>\n\t\t\t\t\t<\/div>\n\t\t<\/div>\n\t\t\t\t<div class=\"elementor-column elementor-col-33 elementor-top-column elementor-element elementor-element-304fdd3\" data-id=\"304fdd3\" data-element_type=\"column\">\n\t\t\t<div class=\"elementor-widget-wrap elementor-element-populated\">\n\t\t\t\t\t\t<div class=\"elementor-element elementor-element-86b318b elementor-widget elementor-widget-wd_image_or_svg\" data-id=\"86b318b\" data-element_type=\"widget\" data-widget_type=\"wd_image_or_svg.default\">\n\t\t\t\t<div class=\"elementor-widget-container\">\n\t\t\t\t\t\n\t\t<div class=\"wd-image text-left\">\n\t\t\t\t\t\t\t\t<img decoding=\"async\" width=\"400\" height=\"550\" src=\"https:\/\/barrsell.com\/wp-content\/uploads\/2025\/02\/Hamam-Kurnasi-B-01-1-400x550.jpeg\" class=\"attachment-400x550 size-400x550\" alt=\"\" srcset=\"https:\/\/barrsell.com\/wp-content\/uploads\/2025\/02\/Hamam-Kurnasi-B-01-1-400x550.jpeg 400w, https:\/\/barrsell.com\/wp-content\/uploads\/2025\/02\/Hamam-Kurnasi-B-01-1-8x12.jpeg 8w\" sizes=\"(max-width: 400px) 100vw, 400px\" \/>\t\t\t\t\t<\/div>\n\n\t\t\t\t\t\t<\/div>\n\t\t\t\t<\/div>\n\t\t\t\t\t<\/div>\n\t\t<\/div>\n\t\t\t\t\t<\/div>\n\t\t<\/section>\n\t\t<div class=\"wd-negative-gap elementor-element elementor-element-ca8fa67 wd-section-stretch e-flex e-con-boxed e-con e-parent\" data-id=\"ca8fa67\" data-element_type=\"container\" data-settings=\"{&quot;background_background&quot;:&quot;classic&quot;}\">\n\t\t\t\t\t<div class=\"e-con-inner\">\n\t\t<div class=\"elementor-element elementor-element-fd6eaca e-con-full e-flex e-con e-child\" data-id=\"fd6eaca\" data-element_type=\"container\">\n\t\t\t\t<div class=\"elementor-element elementor-element-9e2dfa6 elementor-widget elementor-widget-image\" data-id=\"9e2dfa6\" data-element_type=\"widget\" data-widget_type=\"image.default\">\n\t\t\t\t<div class=\"elementor-widget-container\">\n\t\t\t\t\t\t\t\t\t\t\t\t\t\t\t<img decoding=\"async\" width=\"1200\" height=\"1200\" src=\"https:\/\/barrsell.com\/wp-content\/uploads\/2024\/09\/turk-hamami-ekipmanlari-.png\" class=\"attachment-2048x2048 size-2048x2048 wp-image-14800\" alt=\"\" srcset=\"https:\/\/barrsell.com\/wp-content\/uploads\/2024\/09\/turk-hamami-ekipmanlari-.png 1200w, https:\/\/barrsell.com\/wp-content\/uploads\/2024\/09\/turk-hamami-ekipmanlari--300x300.png 300w, https:\/\/barrsell.com\/wp-content\/uploads\/2024\/09\/turk-hamami-ekipmanlari--1024x1024.png 1024w, https:\/\/barrsell.com\/wp-content\/uploads\/2024\/09\/turk-hamami-ekipmanlari--150x150.png 150w, https:\/\/barrsell.com\/wp-content\/uploads\/2024\/09\/turk-hamami-ekipmanlari--768x768.png 768w, https:\/\/barrsell.com\/wp-content\/uploads\/2024\/09\/turk-hamami-ekipmanlari--12x12.png 12w, https:\/\/barrsell.com\/wp-content\/uploads\/2024\/09\/turk-hamami-ekipmanlari--600x600.png 600w, https:\/\/barrsell.com\/wp-content\/uploads\/2024\/09\/turk-hamami-ekipmanlari--50x50.png 50w, https:\/\/barrsell.com\/wp-content\/uploads\/2024\/09\/turk-hamami-ekipmanlari--100x100.png 100w\" sizes=\"(max-width: 1200px) 100vw, 1200px\" \/>\t\t\t\t\t\t\t\t\t\t\t\t\t\t\t<\/div>\n\t\t\t\t<\/div>\n\t\t\t\t<\/div>\n\t\t<div class=\"elementor-element elementor-element-a25870d e-con-full e-flex e-con e-child\" data-id=\"a25870d\" data-element_type=\"container\" data-settings=\"{&quot;motion_fx_motion_fx_scrolling&quot;:&quot;yes&quot;,&quot;motion_fx_translateY_effect&quot;:&quot;yes&quot;,&quot;motion_fx_translateY_affectedRange&quot;:{&quot;unit&quot;:&quot;%&quot;,&quot;size&quot;:&quot;&quot;,&quot;sizes&quot;:{&quot;start&quot;:57,&quot;end&quot;:100}},&quot;motion_fx_translateY_speed&quot;:{&quot;unit&quot;:&quot;px&quot;,&quot;size&quot;:4,&quot;sizes&quot;:[]},&quot;motion_fx_devices&quot;:[&quot;desktop&quot;,&quot;tablet&quot;,&quot;mobile&quot;]}\">\n\t\t\t\t<div class=\"elementor-element elementor-element-15a75c5 wd-width-100 elementor-widget elementor-widget-wd_title\" data-id=\"15a75c5\" data-element_type=\"widget\" data-widget_type=\"wd_title.default\">\n\t\t\t\t<div class=\"elementor-widget-container\">\n\t\t\t\t\t\t\t<div class=\"title-wrapper set-mb-s reset-last-child wd-title-color-default wd-title-style-default wd-title-size-default text-center\">\n\n\t\t\t\n\t\t\t<div class=\"liner-continer\">\n\t\t\t\t<h4 class=\"woodmart-title-container title wd-fontsize-l wd-underline-bordered\">Mastery from Tradition to Luxury  <strong><u><\/u><\/strong> <\/h4> \n\t\t\t\t\t\t\t<\/div>\n\n\t\t\t\t\t<\/div>\n\t\t\t\t\t\t<\/div>\n\t\t\t\t<\/div>\n\t\t\t\t<div class=\"elementor-element elementor-element-2630912 elementor-widget elementor-widget-wd_text_block\" data-id=\"2630912\" data-element_type=\"widget\" data-widget_type=\"wd_text_block.default\">\n\t\t\t\t<div class=\"elementor-widget-container\">\n\t\t\t\t\t\t\t<div class=\"wd-text-block reset-last-child text-center\">\n\t\t\t\n\t\t\t<p data-start=\"342\" data-end=\"407\"><strong data-start=\"342\" data-end=\"407\">\u201cBin Y\u0131ll\u0131k Gelene\u011fi, Modern Detaylarla Ya\u015fat\u0131yoruz.\u201d<\/strong><\/p><p data-start=\"409\" data-end=\"677\" class=\" translation-block\">The Turkish bath is not just about cleanliness; it is culture, healing, and ritual. <br data-start=\"\u201c477\u201d\" data-end=\"\u201c480\u201d\">BarrSell Industry carries this unique tradition into the future, creating custom Turkish baths for every space, from hotels to villas, spa centers to special projects.<\/p>\n\t\t\t\t\t<\/div>\n\t\t\t\t\t\t<\/div>\n\t\t\t\t<\/div>\n\t\t\t\t<\/div>\n\t\t\t\t\t<\/div>\n\t\t\t\t<\/div>\n\t\t\t\t<section class=\"wd-negative-gap elementor-section elementor-top-section elementor-element elementor-element-262f151 wd-section-stretch elementor-section-content-middle elementor-section-boxed elementor-section-height-default elementor-section-height-default\" data-id=\"262f151\" data-element_type=\"section\" data-settings=\"{&quot;background_background&quot;:&quot;classic&quot;}\">\n\t\t\t\t\t\t<div class=\"elementor-container elementor-column-gap-extended\">\n\t\t\t\t\t<div class=\"elementor-column elementor-col-100 elementor-top-column elementor-element elementor-element-ed392fb\" data-id=\"ed392fb\" data-element_type=\"column\">\n\t\t\t<div class=\"elementor-widget-wrap\">\n\t\t\t\t\t\t\t<\/div>\n\t\t<\/div>\n\t\t\t\t\t<\/div>\n\t\t<\/section>\n\t\t\t\t<section class=\"wd-negative-gap elementor-section elementor-top-section elementor-element elementor-element-92326fd wd-section-stretch-content elementor-section-content-middle elementor-section-boxed elementor-section-height-default elementor-section-height-default\" data-id=\"92326fd\" data-element_type=\"section\">\n\t\t\t\t\t\t<div class=\"elementor-container elementor-column-gap-default\">\n\t\t\t\t\t<div class=\"elementor-column elementor-col-50 elementor-top-column elementor-element elementor-element-b0c7f71\" data-id=\"b0c7f71\" data-element_type=\"column\" data-settings=\"{&quot;background_background&quot;:&quot;classic&quot;}\">\n\t\t\t<div class=\"elementor-widget-wrap\">\n\t\t\t\t\t\t\t<\/div>\n\t\t<\/div>\n\t\t\t\t<div class=\"elementor-column elementor-col-50 elementor-top-column elementor-element elementor-element-3442cae wd_scroll_x_0 wd_scroll_y_80 wd_scroll_z_0 wd-parallax-on-scroll wd_scroll_smoothness_30\" data-id=\"3442cae\" data-element_type=\"column\">\n\t\t\t<div class=\"elementor-widget-wrap elementor-element-populated\">\n\t\t\t\t\t\t<div class=\"elementor-element elementor-element-488cb51 elementor-hidden-mobile elementor-widget elementor-widget-wd_text_block\" data-id=\"488cb51\" data-element_type=\"widget\" data-widget_type=\"wd_text_block.default\">\n\t\t\t\t<div class=\"elementor-widget-container\">\n\t\t\t\t\t\t\t<div class=\"wd-text-block reset-last-child text-right\">\n\t\t\t\n\t\t\t\n\t\t\t\t\t<\/div>\n\t\t\t\t\t\t<\/div>\n\t\t\t\t<\/div>\n\t\t\t\t<div class=\"elementor-element elementor-element-6205363 wd-width-100 elementor-widget elementor-widget-wd_title\" data-id=\"6205363\" data-element_type=\"widget\" data-widget_type=\"wd_title.default\">\n\t\t\t\t<div class=\"elementor-widget-container\">\n\t\t\t\t\t\t\t<div class=\"title-wrapper set-mb-s reset-last-child wd-title-color-default wd-title-style-default wd-title-size-extra-large text-left\">\n\n\t\t\t\t\t\t\t<div class=\"title-subtitle subtitle-color-default subtitle-style-default wd-fontsize-m\">\n\t\t\t\t\tHamam Treatments\t\t\t\t<\/div>\n\t\t\t\n\t\t\t<div class=\"liner-continer\">\n\t\t\t\t<h4 class=\"woodmart-title-container title wd-fontsize-xxxl wd-underline-colored\">\ud83c\udfaf Why Choose Us? <u><\/u> <\/h4> \n\t\t\t\t\t\t\t<\/div>\n\n\t\t\t\t\t<\/div>\n\t\t\t\t\t\t<\/div>\n\t\t\t\t<\/div>\n\t\t\t\t<div class=\"elementor-element elementor-element-9df9ab6 elementor-widget elementor-widget-wd_text_block\" data-id=\"9df9ab6\" data-element_type=\"widget\" data-widget_type=\"wd_text_block.default\">\n\t\t\t\t<div class=\"elementor-widget-container\">\n\t\t\t\t\t\t\t<div class=\"wd-text-block reset-last-child text-left\">\n\t\t\t\n\t\t\t<p>\u2714\ufe0f Customized project planning<br data-start=\"1841\" data-end=\"1844\" \/>\u2714\ufe0f Durable, aesthetic, and ergonomic design<br data-start=\"1886\" data-end=\"1889\" \/>\u2714\ufe0f Latest systems in heating &amp; steam technologies<br data-start=\"1937\" data-end=\"1940\" \/>\u2714\ufe0f On-time delivery, guaranteed application<br data-start=\"1981\" data-end=\"1984\" \/>\u2714\ufe0f Domestic production \u2013 craftsmanship guarantee<\/p>\n\t\t\t\t\t<\/div>\n\t\t\t\t\t\t<\/div>\n\t\t\t\t<\/div>\n\t\t\t\t\t<\/div>\n\t\t<\/div>\n\t\t\t\t\t<\/div>\n\t\t<\/section>\n\t\t\t\t<\/div>","protected":false},"excerpt":{"rendered":"<p>BRS S\u0131cakl\u0131\u011f\u0131n, suyun ve mermerin e\u015fsiz bulu\u015fmas\u0131 Barrsell End\u00fcstri olarak, as\u0131rl\u0131k T\u00fcrk hamam\u0131 gelene\u011fini, modern mimariyle harmanlayarak projelere \u00f6zel hamam<\/p>","protected":false},"author":1,"featured_media":14850,"parent":0,"menu_order":0,"comment_status":"closed","ping_status":"closed","template":"","meta":{"footnotes":""},"class_list":["post-22496","page","type-page","status-publish","has-post-thumbnail","hentry"],"yoast_head":"<!-- This site is optimized with the Yoast SEO Premium plugin v23.2 (Yoast SEO v23.2) - https:\/\/yoast.com\/wordpress\/plugins\/seo\/ -->\n<title>T\u00fcrk Hamam \u0130malat\u0131 | Barrsell End\u00fcstri<\/title>\n<meta name=\"robots\" content=\"index, follow, max-snippet:-1, max-image-preview:large, max-video-preview:-1\" \/>\n<link rel=\"canonical\" href=\"https:\/\/barrsell.com\/en\/turkish-bath-manufacturing\/\" \/>\n<meta property=\"og:locale\" content=\"en_US\" \/>\n<meta property=\"og:type\" content=\"article\" \/>\n<meta property=\"og:title\" content=\"T\u00fcrk Hamam \u0130malat\u0131\" \/>\n<meta property=\"og:description\" content=\"BRS S\u0131cakl\u0131\u011f\u0131n, suyun ve mermerin e\u015fsiz bulu\u015fmas\u0131 Barrsell End\u00fcstri olarak, as\u0131rl\u0131k T\u00fcrk hamam\u0131 gelene\u011fini, modern mimariyle harmanlayarak projelere \u00f6zel hamam\" \/>\n<meta property=\"og:url\" content=\"https:\/\/barrsell.com\/en\/turkish-bath-manufacturing\/\" \/>\n<meta property=\"og:site_name\" content=\"Barrsell\" \/>\n<meta property=\"article:modified_time\" content=\"2025-08-21T11:18:50+00:00\" \/>\n<meta property=\"og:image\" content=\"https:\/\/barrsell.com\/wp-content\/uploads\/2024\/09\/Geleneksel-Turk-Hamami-100m\u00b2-1024x1024.png\" \/>\n\t<meta property=\"og:image:width\" content=\"1024\" \/>\n\t<meta property=\"og:image:height\" content=\"1024\" \/>\n\t<meta property=\"og:image:type\" content=\"image\/png\" \/>\n<meta name=\"twitter:card\" content=\"summary_large_image\" \/>\n<meta name=\"twitter:label1\" content=\"Est. reading time\" \/>\n\t<meta name=\"twitter:data1\" content=\"2 minutes\" \/>\n<script type=\"application\/ld+json\" class=\"yoast-schema-graph\">{\"@context\":\"https:\/\/schema.org\",\"@graph\":[{\"@type\":\"WebPage\",\"@id\":\"https:\/\/barrsell.com\/turk-hamam-imalati\/\",\"url\":\"https:\/\/barrsell.com\/turk-hamam-imalati\/\",\"name\":\"T\u00fcrk Hamam \u0130malat\u0131 | Barrsell End\u00fcstri\",\"isPartOf\":{\"@id\":\"https:\/\/barrsell.com\/#website\"},\"primaryImageOfPage\":{\"@id\":\"https:\/\/barrsell.com\/turk-hamam-imalati\/#primaryimage\"},\"image\":{\"@id\":\"https:\/\/barrsell.com\/turk-hamam-imalati\/#primaryimage\"},\"thumbnailUrl\":\"https:\/\/barrsell.com\/wp-content\/uploads\/2024\/09\/Geleneksel-Turk-Hamami-100m\u00b2.png\",\"datePublished\":\"2025-08-21T08:11:55+00:00\",\"dateModified\":\"2025-08-21T11:18:50+00:00\",\"breadcrumb\":{\"@id\":\"https:\/\/barrsell.com\/turk-hamam-imalati\/#breadcrumb\"},\"inLanguage\":\"en-US\",\"potentialAction\":[{\"@type\":\"ReadAction\",\"target\":[\"https:\/\/barrsell.com\/turk-hamam-imalati\/\"]}]},{\"@type\":\"ImageObject\",\"inLanguage\":\"en-US\",\"@id\":\"https:\/\/barrsell.com\/turk-hamam-imalati\/#primaryimage\",\"url\":\"https:\/\/barrsell.com\/wp-content\/uploads\/2024\/09\/Geleneksel-Turk-Hamami-100m\u00b2.png\",\"contentUrl\":\"https:\/\/barrsell.com\/wp-content\/uploads\/2024\/09\/Geleneksel-Turk-Hamami-100m\u00b2.png\",\"width\":1200,\"height\":1200,\"caption\":\"Geleneksel T\u00fcrk Hamam\u0131 100m\u00b2\"},{\"@type\":\"BreadcrumbList\",\"@id\":\"https:\/\/barrsell.com\/turk-hamam-imalati\/#breadcrumb\",\"itemListElement\":[{\"@type\":\"ListItem\",\"position\":1,\"name\":\"Home\",\"item\":\"https:\/\/barrsell.com\/\"},{\"@type\":\"ListItem\",\"position\":2,\"name\":\"T\u00fcrk Hamam \u0130malat\u0131\"}]},{\"@type\":\"WebSite\",\"@id\":\"https:\/\/barrsell.com\/#website\",\"url\":\"https:\/\/barrsell.com\/\",\"name\":\"Barrsell End\u00fcstri Makine\",\"description\":\"Teknolojiyle G\u00fc\u00e7lenen End\u00fcstriyel \u00c7\u00f6z\u00fcmler!\",\"potentialAction\":[{\"@type\":\"SearchAction\",\"target\":{\"@type\":\"EntryPoint\",\"urlTemplate\":\"https:\/\/barrsell.com\/?s={search_term_string}\"},\"query-input\":\"required name=search_term_string\"}],\"inLanguage\":\"en-US\"}]}<\/script>\n<!-- \/ Yoast SEO Premium plugin. -->","yoast_head_json":{"title":"T\u00fcrk Hamam \u0130malat\u0131 | Barrsell End\u00fcstri","robots":{"index":"index","follow":"follow","max-snippet":"max-snippet:-1","max-image-preview":"max-image-preview:large","max-video-preview":"max-video-preview:-1"},"canonical":"https:\/\/barrsell.com\/en\/turkish-bath-manufacturing\/","og_locale":"en_US","og_type":"article","og_title":"T\u00fcrk Hamam \u0130malat\u0131","og_description":"BRS S\u0131cakl\u0131\u011f\u0131n, suyun ve mermerin e\u015fsiz bulu\u015fmas\u0131 Barrsell End\u00fcstri olarak, as\u0131rl\u0131k T\u00fcrk hamam\u0131 gelene\u011fini, modern mimariyle harmanlayarak projelere \u00f6zel hamam","og_url":"https:\/\/barrsell.com\/en\/turkish-bath-manufacturing\/","og_site_name":"Barrsell","article_modified_time":"2025-08-21T11:18:50+00:00","og_image":[{"width":1024,"height":1024,"url":"https:\/\/barrsell.com\/wp-content\/uploads\/2024\/09\/Geleneksel-Turk-Hamami-100m\u00b2-1024x1024.png","type":"image\/png"}],"twitter_card":"summary_large_image","twitter_misc":{"Est. reading time":"2 minutes"},"schema":{"@context":"https:\/\/schema.org","@graph":[{"@type":"WebPage","@id":"https:\/\/barrsell.com\/turk-hamam-imalati\/","url":"https:\/\/barrsell.com\/turk-hamam-imalati\/","name":"T\u00fcrk Hamam \u0130malat\u0131 | Barrsell End\u00fcstri","isPartOf":{"@id":"https:\/\/barrsell.com\/#website"},"primaryImageOfPage":{"@id":"https:\/\/barrsell.com\/turk-hamam-imalati\/#primaryimage"},"image":{"@id":"https:\/\/barrsell.com\/turk-hamam-imalati\/#primaryimage"},"thumbnailUrl":"https:\/\/barrsell.com\/wp-content\/uploads\/2024\/09\/Geleneksel-Turk-Hamami-100m\u00b2.png","datePublished":"2025-08-21T08:11:55+00:00","dateModified":"2025-08-21T11:18:50+00:00","breadcrumb":{"@id":"https:\/\/barrsell.com\/turk-hamam-imalati\/#breadcrumb"},"inLanguage":"en-US","potentialAction":[{"@type":"ReadAction","target":["https:\/\/barrsell.com\/turk-hamam-imalati\/"]}]},{"@type":"ImageObject","inLanguage":"en-US","@id":"https:\/\/barrsell.com\/turk-hamam-imalati\/#primaryimage","url":"https:\/\/barrsell.com\/wp-content\/uploads\/2024\/09\/Geleneksel-Turk-Hamami-100m\u00b2.png","contentUrl":"https:\/\/barrsell.com\/wp-content\/uploads\/2024\/09\/Geleneksel-Turk-Hamami-100m\u00b2.png","width":1200,"height":1200,"caption":"Geleneksel T\u00fcrk Hamam\u0131 100m\u00b2"},{"@type":"BreadcrumbList","@id":"https:\/\/barrsell.com\/turk-hamam-imalati\/#breadcrumb","itemListElement":[{"@type":"ListItem","position":1,"name":"Home","item":"https:\/\/barrsell.com\/"},{"@type":"ListItem","position":2,"name":"T\u00fcrk Hamam \u0130malat\u0131"}]},{"@type":"WebSite","@id":"https:\/\/barrsell.com\/#website","url":"https:\/\/barrsell.com\/","name":"Barrsell End\u00fcstri Makine","description":"Teknolojiyle G\u00fc\u00e7lenen End\u00fcstriyel \u00c7\u00f6z\u00fcmler!","potentialAction":[{"@type":"SearchAction","target":{"@type":"EntryPoint","urlTemplate":"https:\/\/barrsell.com\/?s={search_term_string}"},"query-input":"required name=search_term_string"}],"inLanguage":"en-US"}]}},"_links":{"self":[{"href":"https:\/\/barrsell.com\/en\/wp-json\/wp\/v2\/pages\/22496","targetHints":{"allow":["GET"]}}],"collection":[{"href":"https:\/\/barrsell.com\/en\/wp-json\/wp\/v2\/pages"}],"about":[{"href":"https:\/\/barrsell.com\/en\/wp-json\/wp\/v2\/types\/page"}],"author":[{"embeddable":true,"href":"https:\/\/barrsell.com\/en\/wp-json\/wp\/v2\/users\/1"}],"replies":[{"embeddable":true,"href":"https:\/\/barrsell.com\/en\/wp-json\/wp\/v2\/comments?post=22496"}],"version-history":[{"count":22,"href":"https:\/\/barrsell.com\/en\/wp-json\/wp\/v2\/pages\/22496\/revisions"}],"predecessor-version":[{"id":22538,"href":"https:\/\/barrsell.com\/en\/wp-json\/wp\/v2\/pages\/22496\/revisions\/22538"}],"wp:featuredmedia":[{"embeddable":true,"href":"https:\/\/barrsell.com\/en\/wp-json\/wp\/v2\/media\/14850"}],"wp:attachment":[{"href":"https:\/\/barrsell.com\/en\/wp-json\/wp\/v2\/media?parent=22496"}],"curies":[{"name":"wp","href":"https:\/\/api.w.org\/{rel}","templated":true}]}}