{"id":22456,"date":"2025-08-19T08:06:26","date_gmt":"2025-08-19T08:06:26","guid":{"rendered":"https:\/\/barrsell.com\/?page_id=22456"},"modified":"2025-08-19T08:55:34","modified_gmt":"2025-08-19T08:55:34","slug":"tuz-terapi-kabini","status":"publish","type":"page","link":"https:\/\/barrsell.com\/en\/salt-therapy-cabin\/","title":{"rendered":"Tuz Terapi Kabini"},"content":{"rendered":"<div data-elementor-type=\"wp-page\" data-elementor-id=\"22456\" class=\"elementor elementor-22456\" data-elementor-post-type=\"page\">\n\t\t\t\t\t\t<section class=\"wd-negative-gap elementor-section elementor-top-section elementor-element elementor-element-c4ac354 elementor-section-boxed elementor-section-height-default elementor-section-height-default\" data-id=\"c4ac354\" data-element_type=\"section\">\n\t\t\t\t\t\t<div class=\"elementor-container elementor-column-gap-default\">\n\t\t\t\t\t<div class=\"elementor-column elementor-col-100 elementor-top-column elementor-element elementor-element-57069e9 wd_scroll_x_0 wd_scroll_y_-1 wd_scroll_z_-120 wd-parallax-on-scroll wd_scroll_smoothness_30\" data-id=\"57069e9\" data-element_type=\"column\">\n\t\t\t<div class=\"elementor-widget-wrap elementor-element-populated\">\n\t\t\t\t\t\t<div class=\"elementor-element elementor-element-30b8e14 elementor-hidden-mobile elementor-widget elementor-widget-wd_text_block\" data-id=\"30b8e14\" data-element_type=\"widget\" data-widget_type=\"wd_text_block.default\">\n\t\t\t\t<div class=\"elementor-widget-container\">\n\t\t\t\t\t\t\t<div class=\"wd-text-block reset-last-child text-left\">\n\t\t\t\n\t\t\t<p><strong>BRS<\/strong><\/p>\n\t\t\t\t\t<\/div>\n\t\t\t\t\t\t<\/div>\n\t\t\t\t<\/div>\n\t\t\t\t<div class=\"elementor-element elementor-element-a11d238 wd-width-100 elementor-widget elementor-widget-wd_title\" data-id=\"a11d238\" data-element_type=\"widget\" data-widget_type=\"wd_title.default\">\n\t\t\t\t<div class=\"elementor-widget-container\">\n\t\t\t\t\t\t\t<div class=\"title-wrapper set-mb-s reset-last-child wd-title-color-default wd-title-style-default wd-title-size-extra-large text-center\">\n\n\t\t\t\n\t\t\t<div class=\"liner-continer\">\n\t\t\t\t<h4 class=\"woodmart-title-container title wd-fontsize-xxxl wd-underline-colored\">Salt Therapy Cabins \u2013 Bringing Nature's Healing Powers to Modern Living Spaces<\/h4> \n\t\t\t\t\t\t\t<\/div>\n\n\t\t\t\t\t<\/div>\n\t\t\t\t\t\t<\/div>\n\t\t\t\t<\/div>\n\t\t\t\t<div class=\"elementor-element elementor-element-e14bcee elementor-widget elementor-widget-wd_text_block\" data-id=\"e14bcee\" data-element_type=\"widget\" data-widget_type=\"wd_text_block.default\">\n\t\t\t\t<div class=\"elementor-widget-container\">\n\t\t\t\t\t\t\t<div class=\"wd-text-block reset-last-child text-center\">\n\t\t\t\n\t\t\t<p>Salt therapy cabins are specially designed compact salt rooms. Their inner surfaces are covered with Himalayan salt or natural rock salt and operate on the principle of halotherapy. These cabins produce natural ions that benefit the respiratory tract and skin health, while also creating a peaceful and aesthetic environment.<\/p>\n\t\t\t\t\t<\/div>\n\t\t\t\t\t\t<\/div>\n\t\t\t\t<\/div>\n\t\t\t\t\t<\/div>\n\t\t<\/div>\n\t\t\t\t\t<\/div>\n\t\t<\/section>\n\t\t\t\t<section class=\"wd-negative-gap elementor-section elementor-top-section elementor-element elementor-element-e17f122 wd-section-stretch_row_content elementor-section-boxed elementor-section-height-default elementor-section-height-default\" data-id=\"e17f122\" data-element_type=\"section\" data-settings=\"{&quot;background_background&quot;:&quot;classic&quot;}\">\n\t\t\t\t\t\t<div class=\"elementor-container elementor-column-gap-default\">\n\t\t\t\t\t<div class=\"elementor-column elementor-col-33 elementor-top-column elementor-element elementor-element-3fd82a0\" data-id=\"3fd82a0\" data-element_type=\"column\">\n\t\t\t<div class=\"elementor-widget-wrap elementor-element-populated\">\n\t\t\t\t\t\t<div class=\"elementor-element elementor-element-eaedfe6 elementor-widget elementor-widget-wd_image_or_svg\" data-id=\"eaedfe6\" data-element_type=\"widget\" data-widget_type=\"wd_image_or_svg.default\">\n\t\t\t\t<div class=\"elementor-widget-container\">\n\t\t\t\t\t\n\t\t<div class=\"wd-image text-left\">\n\t\t\t\t\t\t\t\t<img fetchpriority=\"high\" decoding=\"async\" width=\"400\" height=\"550\" src=\"https:\/\/barrsell.com\/wp-content\/uploads\/2024\/10\/tuz-terapi-odasi-1-kisilik-400x550.webp\" class=\"attachment-400x550 size-400x550\" alt=\"\" \/>\t\t\t\t\t<\/div>\n\n\t\t\t\t\t\t<\/div>\n\t\t\t\t<\/div>\n\t\t\t\t\t<\/div>\n\t\t<\/div>\n\t\t\t\t<div class=\"elementor-column elementor-col-33 elementor-top-column elementor-element elementor-element-9562fc8 color-scheme-light\" data-id=\"9562fc8\" data-element_type=\"column\" data-settings=\"{&quot;background_background&quot;:&quot;classic&quot;}\">\n\t\t\t<div class=\"elementor-widget-wrap elementor-element-populated\">\n\t\t\t\t\t\t<div class=\"elementor-element elementor-element-676dce6 wd-width-100 elementor-widget elementor-widget-wd_title\" data-id=\"676dce6\" data-element_type=\"widget\" data-widget_type=\"wd_title.default\">\n\t\t\t\t<div class=\"elementor-widget-container\">\n\t\t\t\t\t\t\t<div class=\"title-wrapper set-mb-s reset-last-child wd-title-color-default wd-title-style-default wd-title-size-extra-large text-center\">\n\n\t\t\t\n\t\t\t<div class=\"liner-continer\">\n\t\t\t\t<h4 class=\"woodmart-title-container title wd-fontsize-xxxl\">Steam Salt manufacturing<\/h4> \n\t\t\t\t\t\t\t<\/div>\n\n\t\t\t\t\t<\/div>\n\t\t\t\t\t\t<\/div>\n\t\t\t\t<\/div>\n\t\t\t\t<div class=\"elementor-element elementor-element-ea85569 elementor-widget elementor-widget-wd_text_block\" data-id=\"ea85569\" data-element_type=\"widget\" data-widget_type=\"wd_text_block.default\">\n\t\t\t\t<div class=\"elementor-widget-container\">\n\t\t\t\t\t\t\t<div class=\"wd-text-block reset-last-child text-center\">\n\t\t\t\n\t\t\t<p>Spa and wellness centers<br \/>Hotels and luxury resorts<br \/>Private health clinics<br \/>Spor merkezleri<br \/>Evlerde ki\u015fisel kullan\u0131m i\u00e7in \u00f6zel tasar\u0131mlar<\/p>\n\t\t\t\t\t<\/div>\n\t\t\t\t\t\t<\/div>\n\t\t\t\t<\/div>\n\t\t\t\t<div class=\"elementor-element elementor-element-41e4eb9 elementor-widget__width-auto elementor-widget elementor-widget-wd_button\" data-id=\"41e4eb9\" data-element_type=\"widget\" data-widget_type=\"wd_button.default\">\n\t\t\t\t<div class=\"elementor-widget-container\">\n\t\t\t\t\t\t\t<div class=\"wd-button-wrapper text-center\" >\n\t\t\t<a class=\"btn btn-style-default btn-style-rectangle btn-size-default btn-color-default btn-icon-pos-right\"  href=\"https:\/\/barrsell.com\/en\/salt-room-and-equipment\/\">\n\t\t\t\t<span class=\"wd-btn-text\" data-elementor-setting-key=\"text\">\n\t\t\t\t\tSalt Room and Equipment\t\t\t\t<\/span>\n\n\t\t\t\t\t\t\t<\/a>\n\t\t<\/div>\n\t\t\t\t\t\t<\/div>\n\t\t\t\t<\/div>\n\t\t\t\t\t<\/div>\n\t\t<\/div>\n\t\t\t\t<div class=\"elementor-column elementor-col-33 elementor-top-column elementor-element elementor-element-304fdd3\" data-id=\"304fdd3\" data-element_type=\"column\">\n\t\t\t<div class=\"elementor-widget-wrap elementor-element-populated\">\n\t\t\t\t\t\t<div class=\"elementor-element elementor-element-86b318b elementor-widget elementor-widget-wd_image_or_svg\" data-id=\"86b318b\" data-element_type=\"widget\" data-widget_type=\"wd_image_or_svg.default\">\n\t\t\t\t<div class=\"elementor-widget-container\">\n\t\t\t\t\t\n\t\t<div class=\"wd-image text-left\">\n\t\t\t\t\t\t\t\t<img decoding=\"async\" width=\"400\" height=\"550\" src=\"https:\/\/barrsell.com\/wp-content\/uploads\/2024\/10\/Tuz-Terapi-Kabini-3-kisilik-tuz-odasi-400x550.webp\" class=\"attachment-400x550 size-400x550\" alt=\"\" \/>\t\t\t\t\t<\/div>\n\n\t\t\t\t\t\t<\/div>\n\t\t\t\t<\/div>\n\t\t\t\t\t<\/div>\n\t\t<\/div>\n\t\t\t\t\t<\/div>\n\t\t<\/section>\n\t\t<div class=\"wd-negative-gap elementor-element elementor-element-ca8fa67 wd-section-stretch e-flex e-con-boxed e-con e-parent\" data-id=\"ca8fa67\" data-element_type=\"container\" data-settings=\"{&quot;background_background&quot;:&quot;classic&quot;}\">\n\t\t\t\t\t<div class=\"e-con-inner\">\n\t\t<div class=\"elementor-element elementor-element-fd6eaca e-con-full e-flex e-con e-child\" data-id=\"fd6eaca\" data-element_type=\"container\">\n\t\t\t\t<div class=\"elementor-element elementor-element-9e2dfa6 elementor-widget elementor-widget-image\" data-id=\"9e2dfa6\" data-element_type=\"widget\" data-widget_type=\"image.default\">\n\t\t\t\t<div class=\"elementor-widget-container\">\n\t\t\t\t\t\t\t\t\t\t\t\t\t\t\t<img decoding=\"async\" width=\"1024\" height=\"1024\" src=\"https:\/\/barrsell.com\/wp-content\/uploads\/2025\/08\/tuz-terapi-kabini-3.png\" class=\"attachment-2048x2048 size-2048x2048 wp-image-22459\" alt=\"\" srcset=\"https:\/\/barrsell.com\/wp-content\/uploads\/2025\/08\/tuz-terapi-kabini-3.png 1024w, https:\/\/barrsell.com\/wp-content\/uploads\/2025\/08\/tuz-terapi-kabini-3-300x300.png 300w, https:\/\/barrsell.com\/wp-content\/uploads\/2025\/08\/tuz-terapi-kabini-3-150x150.png 150w, https:\/\/barrsell.com\/wp-content\/uploads\/2025\/08\/tuz-terapi-kabini-3-768x768.png 768w, https:\/\/barrsell.com\/wp-content\/uploads\/2025\/08\/tuz-terapi-kabini-3-12x12.png 12w, https:\/\/barrsell.com\/wp-content\/uploads\/2025\/08\/tuz-terapi-kabini-3-600x600.png 600w, https:\/\/barrsell.com\/wp-content\/uploads\/2025\/08\/tuz-terapi-kabini-3-50x50.png 50w, https:\/\/barrsell.com\/wp-content\/uploads\/2025\/08\/tuz-terapi-kabini-3-100x100.png 100w\" sizes=\"(max-width: 1024px) 100vw, 1024px\" \/>\t\t\t\t\t\t\t\t\t\t\t\t\t\t\t<\/div>\n\t\t\t\t<\/div>\n\t\t\t\t<\/div>\n\t\t<div class=\"elementor-element elementor-element-a25870d e-con-full e-flex e-con e-child\" data-id=\"a25870d\" data-element_type=\"container\" data-settings=\"{&quot;motion_fx_motion_fx_scrolling&quot;:&quot;yes&quot;,&quot;motion_fx_translateY_effect&quot;:&quot;yes&quot;,&quot;motion_fx_translateY_affectedRange&quot;:{&quot;unit&quot;:&quot;%&quot;,&quot;size&quot;:&quot;&quot;,&quot;sizes&quot;:{&quot;start&quot;:57,&quot;end&quot;:100}},&quot;motion_fx_translateY_speed&quot;:{&quot;unit&quot;:&quot;px&quot;,&quot;size&quot;:4,&quot;sizes&quot;:[]},&quot;motion_fx_devices&quot;:[&quot;desktop&quot;,&quot;tablet&quot;,&quot;mobile&quot;]}\">\n\t\t\t\t<div class=\"elementor-element elementor-element-15a75c5 wd-width-100 elementor-widget elementor-widget-wd_title\" data-id=\"15a75c5\" data-element_type=\"widget\" data-widget_type=\"wd_title.default\">\n\t\t\t\t<div class=\"elementor-widget-container\">\n\t\t\t\t\t\t\t<div class=\"title-wrapper set-mb-s reset-last-child wd-title-color-default wd-title-style-default wd-title-size-default text-center\">\n\n\t\t\t\n\t\t\t<div class=\"liner-continer\">\n\t\t\t\t<h4 class=\"woodmart-title-container title wd-fontsize-l wd-underline-bordered\">\u201cSauna Pleasure with Natural Salt\u201d <strong><u><\/u><\/strong> <\/h4> \n\t\t\t\t\t\t\t<\/div>\n\n\t\t\t\t\t<\/div>\n\t\t\t\t\t\t<\/div>\n\t\t\t\t<\/div>\n\t\t\t\t<div class=\"elementor-element elementor-element-2630912 elementor-widget elementor-widget-wd_text_block\" data-id=\"2630912\" data-element_type=\"widget\" data-widget_type=\"wd_text_block.default\">\n\t\t\t\t<div class=\"elementor-widget-container\">\n\t\t\t\t\t\t\t<div class=\"wd-text-block reset-last-child text-center\">\n\t\t\t\n\t\t\t<p data-start=\"1407\" data-end=\"1474\">The salt block cabin sauna is a modern wellness solution that combines the warmth and relaxing effects of a traditional sauna with the healing properties of Himalayan salt blocks. Designed with wooden details, the interior walls of the cabin are covered with natural salt blocks, and salt ions are dispersed into the environment through the heating system. This allows you to enjoy both the sauna experience and the benefits of salt therapy (halotherapy).<\/p><p data-start=\"1641\" data-end=\"1716\" class=\" translation-block\"><strong data-start=\"\u201c1641\u201d\" data-end=\"\u201c1662\u201d\">Quality Guarantee:<\/strong> Durable construction, long-lasting use, and easy maintenance<\/p>\n\t\t\t\t\t<\/div>\n\t\t\t\t\t\t<\/div>\n\t\t\t\t<\/div>\n\t\t\t\t<\/div>\n\t\t\t\t\t<\/div>\n\t\t\t\t<\/div>\n\t\t\t\t<section class=\"wd-negative-gap elementor-section elementor-top-section elementor-element elementor-element-262f151 wd-section-stretch elementor-section-content-middle elementor-section-boxed elementor-section-height-default elementor-section-height-default\" data-id=\"262f151\" data-element_type=\"section\" data-settings=\"{&quot;background_background&quot;:&quot;classic&quot;}\">\n\t\t\t\t\t\t<div class=\"elementor-container elementor-column-gap-extended\">\n\t\t\t\t\t<div class=\"elementor-column elementor-col-100 elementor-top-column elementor-element elementor-element-ed392fb\" data-id=\"ed392fb\" data-element_type=\"column\">\n\t\t\t<div class=\"elementor-widget-wrap\">\n\t\t\t\t\t\t\t<\/div>\n\t\t<\/div>\n\t\t\t\t\t<\/div>\n\t\t<\/section>\n\t\t\t\t<section class=\"elementor-section elementor-top-section elementor-element elementor-element-92326fd wd-section-stretch-content elementor-section-content-middle elementor-section-full_width elementor-section-height-default elementor-section-height-default\" data-id=\"92326fd\" data-element_type=\"section\">\n\t\t\t\t\t\t<div class=\"elementor-container elementor-column-gap-default\">\n\t\t\t\t\t<div class=\"elementor-column elementor-col-50 elementor-top-column elementor-element elementor-element-b0c7f71\" data-id=\"b0c7f71\" data-element_type=\"column\" data-settings=\"{&quot;background_background&quot;:&quot;classic&quot;}\">\n\t\t\t<div class=\"elementor-widget-wrap\">\n\t\t\t\t\t\t\t<\/div>\n\t\t<\/div>\n\t\t\t\t<div class=\"elementor-column elementor-col-50 elementor-top-column elementor-element elementor-element-3442cae wd_scroll_x_0 wd_scroll_y_80 wd_scroll_z_0 wd-parallax-on-scroll wd_scroll_smoothness_30\" data-id=\"3442cae\" data-element_type=\"column\">\n\t\t\t<div class=\"elementor-widget-wrap elementor-element-populated\">\n\t\t\t\t\t\t<div class=\"elementor-element elementor-element-488cb51 elementor-hidden-mobile elementor-widget elementor-widget-wd_text_block\" data-id=\"488cb51\" data-element_type=\"widget\" data-widget_type=\"wd_text_block.default\">\n\t\t\t\t<div class=\"elementor-widget-container\">\n\t\t\t\t\t\t\t<div class=\"wd-text-block reset-last-child text-right\">\n\t\t\t\n\t\t\t\n\t\t\t\t\t<\/div>\n\t\t\t\t\t\t<\/div>\n\t\t\t\t<\/div>\n\t\t\t\t<div class=\"elementor-element elementor-element-6205363 wd-width-100 elementor-widget elementor-widget-wd_title\" data-id=\"6205363\" data-element_type=\"widget\" data-widget_type=\"wd_title.default\">\n\t\t\t\t<div class=\"elementor-widget-container\">\n\t\t\t\t\t\t\t<div class=\"title-wrapper set-mb-s reset-last-child wd-title-color-default wd-title-style-default wd-title-size-extra-large text-left\">\n\n\t\t\t\t\t\t\t<div class=\"title-subtitle subtitle-color-default subtitle-style-default wd-fontsize-m\">\n\t\t\t\t\tSalt Room Applications\t\t\t\t<\/div>\n\t\t\t\n\t\t\t<div class=\"liner-continer\">\n\t\t\t\t<h4 class=\"woodmart-title-container title wd-fontsize-xxxl wd-underline-colored\">Steam Salt Room Cabins <u><\/u> <\/h4> \n\t\t\t\t\t\t\t<\/div>\n\n\t\t\t\t\t<\/div>\n\t\t\t\t\t\t<\/div>\n\t\t\t\t<\/div>\n\t\t\t\t<div class=\"elementor-element elementor-element-9df9ab6 elementor-widget elementor-widget-wd_text_block\" data-id=\"9df9ab6\" data-element_type=\"widget\" data-widget_type=\"wd_text_block.default\">\n\t\t\t\t<div class=\"elementor-widget-container\">\n\t\t\t\t\t\t\t<div class=\"wd-text-block reset-last-child text-left\">\n\t\t\t\n\t\t\t<p>Steam salt room cabins are modern wellness solutions that combine salt therapy (halotherapy) and steam therapy in the same environment. These special cabins, whose interior walls are covered with Himalayan salt blocks, contribute to respiratory and skin health thanks to the minerals released into the environment, while also offering complete relaxation with the refreshing effect of steam.<\/p>\n\t\t\t\t\t<\/div>\n\t\t\t\t\t\t<\/div>\n\t\t\t\t<\/div>\n\t\t\t\t\t<\/div>\n\t\t<\/div>\n\t\t\t\t\t<\/div>\n\t\t<\/section>\n\t\t\t\t<\/div>","protected":false},"excerpt":{"rendered":"<p>BRS Tuz Terapi Kabinleri \u2013 Do\u011fan\u0131n \u015eifas\u0131n\u0131 Modern Ya\u015fam Alanlar\u0131na Ta\u015f\u0131yoruz Tuz terapi kabinleri, \u00f6zel olarak tasarlanm\u0131\u015f kompakt tuz odalar\u0131d\u0131r.<\/p>","protected":false},"author":1,"featured_media":18735,"parent":0,"menu_order":0,"comment_status":"closed","ping_status":"closed","template":"","meta":{"footnotes":""},"class_list":["post-22456","page","type-page","status-publish","has-post-thumbnail","hentry"],"yoast_head":"<!-- This site is optimized with the Yoast SEO Premium plugin v23.2 (Yoast SEO v23.2) - https:\/\/yoast.com\/wordpress\/plugins\/seo\/ -->\n<title>Tuz Terapi Kabini | Barrsell End\u00fcstri<\/title>\n<meta name=\"robots\" content=\"index, follow, max-snippet:-1, max-image-preview:large, max-video-preview:-1\" \/>\n<link rel=\"canonical\" href=\"https:\/\/barrsell.com\/en\/salt-therapy-cabin\/\" \/>\n<meta property=\"og:locale\" content=\"en_US\" \/>\n<meta property=\"og:type\" content=\"article\" \/>\n<meta property=\"og:title\" content=\"Tuz Terapi Kabini\" \/>\n<meta property=\"og:description\" content=\"BRS Tuz Terapi Kabinleri \u2013 Do\u011fan\u0131n \u015eifas\u0131n\u0131 Modern Ya\u015fam Alanlar\u0131na Ta\u015f\u0131yoruz Tuz terapi kabinleri, \u00f6zel olarak tasarlanm\u0131\u015f kompakt tuz odalar\u0131d\u0131r.\" \/>\n<meta property=\"og:url\" content=\"https:\/\/barrsell.com\/en\/salt-therapy-cabin\/\" \/>\n<meta property=\"og:site_name\" content=\"Barrsell\" \/>\n<meta property=\"article:modified_time\" content=\"2025-08-19T08:55:34+00:00\" \/>\n<meta property=\"og:image\" content=\"https:\/\/barrsell.com\/wp-content\/uploads\/2024\/10\/Tuz-Terapi-Kabini-2-Kisilik-1.webp\" \/>\n\t<meta property=\"og:image:width\" content=\"1792\" \/>\n\t<meta property=\"og:image:height\" content=\"1024\" \/>\n\t<meta property=\"og:image:type\" content=\"image\/webp\" \/>\n<meta name=\"twitter:card\" content=\"summary_large_image\" \/>\n<meta name=\"twitter:label1\" content=\"Est. reading time\" \/>\n\t<meta name=\"twitter:data1\" content=\"2 minutes\" \/>\n<script type=\"application\/ld+json\" class=\"yoast-schema-graph\">{\"@context\":\"https:\/\/schema.org\",\"@graph\":[{\"@type\":\"WebPage\",\"@id\":\"https:\/\/barrsell.com\/tuz-terapi-kabini\/\",\"url\":\"https:\/\/barrsell.com\/tuz-terapi-kabini\/\",\"name\":\"Tuz Terapi Kabini | Barrsell End\u00fcstri\",\"isPartOf\":{\"@id\":\"https:\/\/barrsell.com\/#website\"},\"primaryImageOfPage\":{\"@id\":\"https:\/\/barrsell.com\/tuz-terapi-kabini\/#primaryimage\"},\"image\":{\"@id\":\"https:\/\/barrsell.com\/tuz-terapi-kabini\/#primaryimage\"},\"thumbnailUrl\":\"https:\/\/barrsell.com\/wp-content\/uploads\/2024\/10\/Tuz-Terapi-Kabini-2-Kisilik-1.webp\",\"datePublished\":\"2025-08-19T08:06:26+00:00\",\"dateModified\":\"2025-08-19T08:55:34+00:00\",\"breadcrumb\":{\"@id\":\"https:\/\/barrsell.com\/tuz-terapi-kabini\/#breadcrumb\"},\"inLanguage\":\"en-US\",\"potentialAction\":[{\"@type\":\"ReadAction\",\"target\":[\"https:\/\/barrsell.com\/tuz-terapi-kabini\/\"]}]},{\"@type\":\"ImageObject\",\"inLanguage\":\"en-US\",\"@id\":\"https:\/\/barrsell.com\/tuz-terapi-kabini\/#primaryimage\",\"url\":\"https:\/\/barrsell.com\/wp-content\/uploads\/2024\/10\/Tuz-Terapi-Kabini-2-Kisilik-1.webp\",\"contentUrl\":\"https:\/\/barrsell.com\/wp-content\/uploads\/2024\/10\/Tuz-Terapi-Kabini-2-Kisilik-1.webp\",\"width\":1792,\"height\":1024,\"caption\":\"Tuz Terapi Kabini 2 Ki\u015filik\"},{\"@type\":\"BreadcrumbList\",\"@id\":\"https:\/\/barrsell.com\/tuz-terapi-kabini\/#breadcrumb\",\"itemListElement\":[{\"@type\":\"ListItem\",\"position\":1,\"name\":\"Home\",\"item\":\"https:\/\/barrsell.com\/\"},{\"@type\":\"ListItem\",\"position\":2,\"name\":\"Tuz Terapi Kabini\"}]},{\"@type\":\"WebSite\",\"@id\":\"https:\/\/barrsell.com\/#website\",\"url\":\"https:\/\/barrsell.com\/\",\"name\":\"Barrsell End\u00fcstri Makine\",\"description\":\"Teknolojiyle G\u00fc\u00e7lenen End\u00fcstriyel \u00c7\u00f6z\u00fcmler!\",\"potentialAction\":[{\"@type\":\"SearchAction\",\"target\":{\"@type\":\"EntryPoint\",\"urlTemplate\":\"https:\/\/barrsell.com\/?s={search_term_string}\"},\"query-input\":\"required name=search_term_string\"}],\"inLanguage\":\"en-US\"}]}<\/script>\n<!-- \/ Yoast SEO Premium plugin. -->","yoast_head_json":{"title":"Tuz Terapi Kabini | Barrsell End\u00fcstri","robots":{"index":"index","follow":"follow","max-snippet":"max-snippet:-1","max-image-preview":"max-image-preview:large","max-video-preview":"max-video-preview:-1"},"canonical":"https:\/\/barrsell.com\/en\/salt-therapy-cabin\/","og_locale":"en_US","og_type":"article","og_title":"Tuz Terapi Kabini","og_description":"BRS Tuz Terapi Kabinleri \u2013 Do\u011fan\u0131n \u015eifas\u0131n\u0131 Modern Ya\u015fam Alanlar\u0131na Ta\u015f\u0131yoruz Tuz terapi kabinleri, \u00f6zel olarak tasarlanm\u0131\u015f kompakt tuz odalar\u0131d\u0131r.","og_url":"https:\/\/barrsell.com\/en\/salt-therapy-cabin\/","og_site_name":"Barrsell","article_modified_time":"2025-08-19T08:55:34+00:00","og_image":[{"width":1792,"height":1024,"url":"https:\/\/barrsell.com\/wp-content\/uploads\/2024\/10\/Tuz-Terapi-Kabini-2-Kisilik-1.webp","type":"image\/webp"}],"twitter_card":"summary_large_image","twitter_misc":{"Est. reading time":"2 minutes"},"schema":{"@context":"https:\/\/schema.org","@graph":[{"@type":"WebPage","@id":"https:\/\/barrsell.com\/tuz-terapi-kabini\/","url":"https:\/\/barrsell.com\/tuz-terapi-kabini\/","name":"Tuz Terapi Kabini | Barrsell End\u00fcstri","isPartOf":{"@id":"https:\/\/barrsell.com\/#website"},"primaryImageOfPage":{"@id":"https:\/\/barrsell.com\/tuz-terapi-kabini\/#primaryimage"},"image":{"@id":"https:\/\/barrsell.com\/tuz-terapi-kabini\/#primaryimage"},"thumbnailUrl":"https:\/\/barrsell.com\/wp-content\/uploads\/2024\/10\/Tuz-Terapi-Kabini-2-Kisilik-1.webp","datePublished":"2025-08-19T08:06:26+00:00","dateModified":"2025-08-19T08:55:34+00:00","breadcrumb":{"@id":"https:\/\/barrsell.com\/tuz-terapi-kabini\/#breadcrumb"},"inLanguage":"en-US","potentialAction":[{"@type":"ReadAction","target":["https:\/\/barrsell.com\/tuz-terapi-kabini\/"]}]},{"@type":"ImageObject","inLanguage":"en-US","@id":"https:\/\/barrsell.com\/tuz-terapi-kabini\/#primaryimage","url":"https:\/\/barrsell.com\/wp-content\/uploads\/2024\/10\/Tuz-Terapi-Kabini-2-Kisilik-1.webp","contentUrl":"https:\/\/barrsell.com\/wp-content\/uploads\/2024\/10\/Tuz-Terapi-Kabini-2-Kisilik-1.webp","width":1792,"height":1024,"caption":"Tuz Terapi Kabini 2 Ki\u015filik"},{"@type":"BreadcrumbList","@id":"https:\/\/barrsell.com\/tuz-terapi-kabini\/#breadcrumb","itemListElement":[{"@type":"ListItem","position":1,"name":"Home","item":"https:\/\/barrsell.com\/"},{"@type":"ListItem","position":2,"name":"Tuz Terapi Kabini"}]},{"@type":"WebSite","@id":"https:\/\/barrsell.com\/#website","url":"https:\/\/barrsell.com\/","name":"Barrsell End\u00fcstri Makine","description":"Teknolojiyle G\u00fc\u00e7lenen End\u00fcstriyel \u00c7\u00f6z\u00fcmler!","potentialAction":[{"@type":"SearchAction","target":{"@type":"EntryPoint","urlTemplate":"https:\/\/barrsell.com\/?s={search_term_string}"},"query-input":"required name=search_term_string"}],"inLanguage":"en-US"}]}},"_links":{"self":[{"href":"https:\/\/barrsell.com\/en\/wp-json\/wp\/v2\/pages\/22456","targetHints":{"allow":["GET"]}}],"collection":[{"href":"https:\/\/barrsell.com\/en\/wp-json\/wp\/v2\/pages"}],"about":[{"href":"https:\/\/barrsell.com\/en\/wp-json\/wp\/v2\/types\/page"}],"author":[{"embeddable":true,"href":"https:\/\/barrsell.com\/en\/wp-json\/wp\/v2\/users\/1"}],"replies":[{"embeddable":true,"href":"https:\/\/barrsell.com\/en\/wp-json\/wp\/v2\/comments?post=22456"}],"version-history":[{"count":16,"href":"https:\/\/barrsell.com\/en\/wp-json\/wp\/v2\/pages\/22456\/revisions"}],"predecessor-version":[{"id":22476,"href":"https:\/\/barrsell.com\/en\/wp-json\/wp\/v2\/pages\/22456\/revisions\/22476"}],"wp:featuredmedia":[{"embeddable":true,"href":"https:\/\/barrsell.com\/en\/wp-json\/wp\/v2\/media\/18735"}],"wp:attachment":[{"href":"https:\/\/barrsell.com\/en\/wp-json\/wp\/v2\/media?parent=22456"}],"curies":[{"name":"wp","href":"https:\/\/api.w.org\/{rel}","templated":true}]}}