{"id":22436,"date":"2025-08-19T07:36:01","date_gmt":"2025-08-19T07:36:01","guid":{"rendered":"https:\/\/barrsell.com\/?page_id=22436"},"modified":"2025-08-19T07:56:13","modified_gmt":"2025-08-19T07:56:13","slug":"tuz-blok-tugla","status":"publish","type":"page","link":"https:\/\/barrsell.com\/en\/salt-block-brick\/","title":{"rendered":"Salt Block Brick"},"content":{"rendered":"<div data-elementor-type=\"wp-page\" data-elementor-id=\"22436\" class=\"elementor elementor-22436\" data-elementor-post-type=\"page\">\n\t\t\t\t\t\t<section class=\"wd-negative-gap elementor-section elementor-top-section elementor-element elementor-element-c4ac354 elementor-section-boxed elementor-section-height-default elementor-section-height-default\" data-id=\"c4ac354\" data-element_type=\"section\">\n\t\t\t\t\t\t<div class=\"elementor-container elementor-column-gap-default\">\n\t\t\t\t\t<div class=\"elementor-column elementor-col-100 elementor-top-column elementor-element elementor-element-57069e9 wd_scroll_x_0 wd_scroll_y_-1 wd_scroll_z_-120 wd-parallax-on-scroll wd_scroll_smoothness_30\" data-id=\"57069e9\" data-element_type=\"column\">\n\t\t\t<div class=\"elementor-widget-wrap elementor-element-populated\">\n\t\t\t\t\t\t<div class=\"elementor-element elementor-element-30b8e14 elementor-hidden-mobile elementor-widget elementor-widget-wd_text_block\" data-id=\"30b8e14\" data-element_type=\"widget\" data-widget_type=\"wd_text_block.default\">\n\t\t\t\t<div class=\"elementor-widget-container\">\n\t\t\t\t\t\t\t<div class=\"wd-text-block reset-last-child text-left\">\n\t\t\t\n\t\t\t<p><strong>BRS<\/strong><\/p>\n\t\t\t\t\t<\/div>\n\t\t\t\t\t\t<\/div>\n\t\t\t\t<\/div>\n\t\t\t\t<div class=\"elementor-element elementor-element-a11d238 wd-width-100 elementor-widget elementor-widget-wd_title\" data-id=\"a11d238\" data-element_type=\"widget\" data-widget_type=\"wd_title.default\">\n\t\t\t\t<div class=\"elementor-widget-container\">\n\t\t\t\t\t\t\t<div class=\"title-wrapper set-mb-s reset-last-child wd-title-color-default wd-title-style-default wd-title-size-extra-large text-center\">\n\n\t\t\t\n\t\t\t<div class=\"liner-continer\">\n\t\t\t\t<h4 class=\"woodmart-title-container title wd-fontsize-xxxl wd-underline-colored\">Salt Block Brick<\/h4> \n\t\t\t\t\t\t\t<\/div>\n\n\t\t\t\t\t<\/div>\n\t\t\t\t\t\t<\/div>\n\t\t\t\t<\/div>\n\t\t\t\t<div class=\"elementor-element elementor-element-e14bcee elementor-widget elementor-widget-wd_text_block\" data-id=\"e14bcee\" data-element_type=\"widget\" data-widget_type=\"wd_text_block.default\">\n\t\t\t\t<div class=\"elementor-widget-container\">\n\t\t\t\t\t\t\t<div class=\"wd-text-block reset-last-child text-center\">\n\t\t\t\n\t\t\t<p>Salt block bricks are natural building materials produced by cutting Himalayan salt or special rock salt. These bricks are widely used in spas, wellness centers, salt rooms, saunas, and decorative areas due to their aesthetic appearance and positive effects on health.<\/p>\n\t\t\t\t\t<\/div>\n\t\t\t\t\t\t<\/div>\n\t\t\t\t<\/div>\n\t\t\t\t\t<\/div>\n\t\t<\/div>\n\t\t\t\t\t<\/div>\n\t\t<\/section>\n\t\t\t\t<section class=\"wd-negative-gap elementor-section elementor-top-section elementor-element elementor-element-e17f122 wd-section-stretch_row_content elementor-section-boxed elementor-section-height-default elementor-section-height-default\" data-id=\"e17f122\" data-element_type=\"section\" data-settings=\"{&quot;background_background&quot;:&quot;classic&quot;}\">\n\t\t\t\t\t\t<div class=\"elementor-container elementor-column-gap-default\">\n\t\t\t\t\t<div class=\"elementor-column elementor-col-33 elementor-top-column elementor-element elementor-element-3fd82a0\" data-id=\"3fd82a0\" data-element_type=\"column\">\n\t\t\t<div class=\"elementor-widget-wrap elementor-element-populated\">\n\t\t\t\t\t\t<div class=\"elementor-element elementor-element-eaedfe6 elementor-widget elementor-widget-wd_image_or_svg\" data-id=\"eaedfe6\" data-element_type=\"widget\" data-widget_type=\"wd_image_or_svg.default\">\n\t\t\t\t<div class=\"elementor-widget-container\">\n\t\t\t\t\t\n\t\t<div class=\"wd-image text-left\">\n\t\t\t\t\t\t\t\t<img fetchpriority=\"high\" decoding=\"async\" width=\"400\" height=\"550\" src=\"https:\/\/barrsell.com\/wp-content\/uploads\/2025\/07\/Kuru-Tuz-Odasi-Uygulamalari-1-400x550.png\" class=\"attachment-400x550 size-400x550\" alt=\"\" \/>\t\t\t\t\t<\/div>\n\n\t\t\t\t\t\t<\/div>\n\t\t\t\t<\/div>\n\t\t\t\t\t<\/div>\n\t\t<\/div>\n\t\t\t\t<div class=\"elementor-column elementor-col-33 elementor-top-column elementor-element elementor-element-9562fc8 color-scheme-light\" data-id=\"9562fc8\" data-element_type=\"column\" data-settings=\"{&quot;background_background&quot;:&quot;classic&quot;}\">\n\t\t\t<div class=\"elementor-widget-wrap elementor-element-populated\">\n\t\t\t\t\t\t<div class=\"elementor-element elementor-element-676dce6 wd-width-100 elementor-widget elementor-widget-wd_title\" data-id=\"676dce6\" data-element_type=\"widget\" data-widget_type=\"wd_title.default\">\n\t\t\t\t<div class=\"elementor-widget-container\">\n\t\t\t\t\t\t\t<div class=\"title-wrapper set-mb-s reset-last-child wd-title-color-default wd-title-style-default wd-title-size-extra-large text-center\">\n\n\t\t\t\n\t\t\t<div class=\"liner-continer\">\n\t\t\t\t<h4 class=\"woodmart-title-container title wd-fontsize-xxxl\">\u201cLet your space breathe with salt blocks\u201d<\/h4> \n\t\t\t\t\t\t\t<\/div>\n\n\t\t\t\t\t<\/div>\n\t\t\t\t\t\t<\/div>\n\t\t\t\t<\/div>\n\t\t\t\t<div class=\"elementor-element elementor-element-ea85569 elementor-widget elementor-widget-wd_text_block\" data-id=\"ea85569\" data-element_type=\"widget\" data-widget_type=\"wd_text_block.default\">\n\t\t\t\t<div class=\"elementor-widget-container\">\n\t\t\t\t\t\t\t<div class=\"wd-text-block reset-last-child text-center\">\n\t\t\t\n\t\t\t<p>Salt Rooms and Halotherapy Areas<br \/>Spa &amp; Wellness Centers<br \/>Saunas and Bio Saunas<br \/>Decorative Interior Walls<br \/>Restaurant, Hotel, and Showroom Designs<\/p>\n\t\t\t\t\t<\/div>\n\t\t\t\t\t\t<\/div>\n\t\t\t\t<\/div>\n\t\t\t\t<div class=\"elementor-element elementor-element-41e4eb9 elementor-widget__width-auto elementor-widget elementor-widget-wd_button\" data-id=\"41e4eb9\" data-element_type=\"widget\" data-widget_type=\"wd_button.default\">\n\t\t\t\t<div class=\"elementor-widget-container\">\n\t\t\t\t\t\t\t<div class=\"wd-button-wrapper text-center\" >\n\t\t\t<a class=\"btn btn-style-default btn-style-rectangle btn-size-default btn-color-default btn-icon-pos-right\"  href=\"https:\/\/barrsell.com\/en\/salt-room-and-equipment\/\">\n\t\t\t\t<span class=\"wd-btn-text\" data-elementor-setting-key=\"text\">\n\t\t\t\t\tSalt Room and Equipment\t\t\t\t<\/span>\n\n\t\t\t\t\t\t\t<\/a>\n\t\t<\/div>\n\t\t\t\t\t\t<\/div>\n\t\t\t\t<\/div>\n\t\t\t\t\t<\/div>\n\t\t<\/div>\n\t\t\t\t<div class=\"elementor-column elementor-col-33 elementor-top-column elementor-element elementor-element-304fdd3\" data-id=\"304fdd3\" data-element_type=\"column\">\n\t\t\t<div class=\"elementor-widget-wrap elementor-element-populated\">\n\t\t\t\t\t\t<div class=\"elementor-element elementor-element-86b318b elementor-widget elementor-widget-wd_image_or_svg\" data-id=\"86b318b\" data-element_type=\"widget\" data-widget_type=\"wd_image_or_svg.default\">\n\t\t\t\t<div class=\"elementor-widget-container\">\n\t\t\t\t\t\n\t\t<div class=\"wd-image text-left\">\n\t\t\t\t\t\t\t\t<img decoding=\"async\" width=\"400\" height=\"550\" src=\"https:\/\/barrsell.com\/wp-content\/uploads\/2024\/09\/Kuru-Tuz-odasi-3-400x550.png\" class=\"attachment-400x550 size-400x550\" alt=\"\" \/>\t\t\t\t\t<\/div>\n\n\t\t\t\t\t\t<\/div>\n\t\t\t\t<\/div>\n\t\t\t\t\t<\/div>\n\t\t<\/div>\n\t\t\t\t\t<\/div>\n\t\t<\/section>\n\t\t<div class=\"wd-negative-gap elementor-element elementor-element-ca8fa67 wd-section-stretch e-flex e-con-boxed e-con e-parent\" data-id=\"ca8fa67\" data-element_type=\"container\" data-settings=\"{&quot;background_background&quot;:&quot;classic&quot;}\">\n\t\t\t\t\t<div class=\"e-con-inner\">\n\t\t<div class=\"elementor-element elementor-element-fd6eaca e-con-full e-flex e-con e-child\" data-id=\"fd6eaca\" data-element_type=\"container\">\n\t\t\t\t<div class=\"elementor-element elementor-element-9e2dfa6 elementor-widget elementor-widget-image\" data-id=\"9e2dfa6\" data-element_type=\"widget\" data-widget_type=\"image.default\">\n\t\t\t\t<div class=\"elementor-widget-container\">\n\t\t\t\t\t\t\t\t\t\t\t\t\t\t\t<img decoding=\"async\" width=\"1024\" height=\"1024\" src=\"https:\/\/barrsell.com\/wp-content\/uploads\/2025\/08\/buharli-tuz-odasu-imalati-1.png\" class=\"attachment-2048x2048 size-2048x2048 wp-image-22421\" alt=\"\" srcset=\"https:\/\/barrsell.com\/wp-content\/uploads\/2025\/08\/buharli-tuz-odasu-imalati-1.png 1024w, https:\/\/barrsell.com\/wp-content\/uploads\/2025\/08\/buharli-tuz-odasu-imalati-1-300x300.png 300w, https:\/\/barrsell.com\/wp-content\/uploads\/2025\/08\/buharli-tuz-odasu-imalati-1-150x150.png 150w, https:\/\/barrsell.com\/wp-content\/uploads\/2025\/08\/buharli-tuz-odasu-imalati-1-768x768.png 768w, https:\/\/barrsell.com\/wp-content\/uploads\/2025\/08\/buharli-tuz-odasu-imalati-1-12x12.png 12w, https:\/\/barrsell.com\/wp-content\/uploads\/2025\/08\/buharli-tuz-odasu-imalati-1-600x600.png 600w, https:\/\/barrsell.com\/wp-content\/uploads\/2025\/08\/buharli-tuz-odasu-imalati-1-50x50.png 50w, https:\/\/barrsell.com\/wp-content\/uploads\/2025\/08\/buharli-tuz-odasu-imalati-1-100x100.png 100w\" sizes=\"(max-width: 1024px) 100vw, 1024px\" \/>\t\t\t\t\t\t\t\t\t\t\t\t\t\t\t<\/div>\n\t\t\t\t<\/div>\n\t\t\t\t<\/div>\n\t\t<div class=\"elementor-element elementor-element-a25870d e-con-full e-flex e-con e-child\" data-id=\"a25870d\" data-element_type=\"container\" data-settings=\"{&quot;motion_fx_motion_fx_scrolling&quot;:&quot;yes&quot;,&quot;motion_fx_translateY_effect&quot;:&quot;yes&quot;,&quot;motion_fx_translateY_affectedRange&quot;:{&quot;unit&quot;:&quot;%&quot;,&quot;size&quot;:&quot;&quot;,&quot;sizes&quot;:{&quot;start&quot;:57,&quot;end&quot;:100}},&quot;motion_fx_translateY_speed&quot;:{&quot;unit&quot;:&quot;px&quot;,&quot;size&quot;:4,&quot;sizes&quot;:[]},&quot;motion_fx_devices&quot;:[&quot;desktop&quot;,&quot;tablet&quot;,&quot;mobile&quot;]}\">\n\t\t\t\t<div class=\"elementor-element elementor-element-15a75c5 wd-width-100 elementor-widget elementor-widget-wd_title\" data-id=\"15a75c5\" data-element_type=\"widget\" data-widget_type=\"wd_title.default\">\n\t\t\t\t<div class=\"elementor-widget-container\">\n\t\t\t\t\t\t\t<div class=\"title-wrapper set-mb-s reset-last-child wd-title-color-default wd-title-style-default wd-title-size-default text-center\">\n\n\t\t\t\n\t\t\t<div class=\"liner-continer\">\n\t\t\t\t<h4 class=\"woodmart-title-container title wd-fontsize-l wd-underline-bordered\">Salt Block Brick Manufacturing  <strong><u><\/u><\/strong> <\/h4> \n\t\t\t\t\t\t\t<\/div>\n\n\t\t\t\t\t<\/div>\n\t\t\t\t\t\t<\/div>\n\t\t\t\t<\/div>\n\t\t\t\t<div class=\"elementor-element elementor-element-2630912 elementor-widget elementor-widget-wd_text_block\" data-id=\"2630912\" data-element_type=\"widget\" data-widget_type=\"wd_text_block.default\">\n\t\t\t\t<div class=\"elementor-widget-container\">\n\t\t\t\t\t\t\t<div class=\"wd-text-block reset-last-child text-center\">\n\t\t\t\n\t\t\t<p data-start=\"609\" data-end=\"710\" class=\" translation-block\"><strong data-start=\"\u201c609\u201d\" data-end=\"\u201c630\u201d\">Raw Material Selection:<\/strong> High-quality Himalayan salt or natural rock salt is extracted in large quantities.<\/p><p data-start=\"713\" data-end=\"836\" class=\" translation-block\"><strong data-start=\"\u201c713\u201d\" data-end=\"\u201c740\u201d\">Cutting and Shaping:<\/strong> Using CNC and special cutting machines, the bricks are cut to size with millimeter precision.<\/p><p data-start=\"839\" data-end=\"967\" class=\" translation-block\"><strong data-start=\"\u201c839\u201d\" data-end=\"\u201c871\u201d\">Polishing and Surface Treatment:<\/strong> The edges are smoothed for an aesthetic appearance, and the surface is left natural or smooth as desired.<\/p><p data-start=\"970\" data-end=\"1090\" class=\" translation-block\"><strong data-start=\"\u201c970\u201d\" data-end=\"\u201c989\u201d\">Quality Control:<\/strong> Each block is tested for cracks, breaks, or mineral loss and made usable.<\/p>\n\t\t\t\t\t<\/div>\n\t\t\t\t\t\t<\/div>\n\t\t\t\t<\/div>\n\t\t\t\t<\/div>\n\t\t\t\t\t<\/div>\n\t\t\t\t<\/div>\n\t\t\t\t<section class=\"wd-negative-gap elementor-section elementor-top-section elementor-element elementor-element-262f151 wd-section-stretch elementor-section-content-middle elementor-section-boxed elementor-section-height-default elementor-section-height-default\" data-id=\"262f151\" data-element_type=\"section\" data-settings=\"{&quot;background_background&quot;:&quot;classic&quot;}\">\n\t\t\t\t\t\t<div class=\"elementor-container elementor-column-gap-extended\">\n\t\t\t\t\t<div class=\"elementor-column elementor-col-100 elementor-top-column elementor-element elementor-element-ed392fb\" data-id=\"ed392fb\" data-element_type=\"column\">\n\t\t\t<div class=\"elementor-widget-wrap\">\n\t\t\t\t\t\t\t<\/div>\n\t\t<\/div>\n\t\t\t\t\t<\/div>\n\t\t<\/section>\n\t\t\t\t<section class=\"elementor-section elementor-top-section elementor-element elementor-element-92326fd wd-section-stretch-content elementor-section-content-middle elementor-section-full_width elementor-section-height-default elementor-section-height-default\" data-id=\"92326fd\" data-element_type=\"section\">\n\t\t\t\t\t\t<div class=\"elementor-container elementor-column-gap-default\">\n\t\t\t\t\t<div class=\"elementor-column elementor-col-50 elementor-top-column elementor-element elementor-element-b0c7f71\" data-id=\"b0c7f71\" data-element_type=\"column\" data-settings=\"{&quot;background_background&quot;:&quot;classic&quot;}\">\n\t\t\t<div class=\"elementor-widget-wrap\">\n\t\t\t\t\t\t\t<\/div>\n\t\t<\/div>\n\t\t\t\t<div class=\"elementor-column elementor-col-50 elementor-top-column elementor-element elementor-element-3442cae wd_scroll_x_0 wd_scroll_y_80 wd_scroll_z_0 wd-parallax-on-scroll wd_scroll_smoothness_30\" data-id=\"3442cae\" data-element_type=\"column\">\n\t\t\t<div class=\"elementor-widget-wrap elementor-element-populated\">\n\t\t\t\t\t\t<div class=\"elementor-element elementor-element-488cb51 elementor-hidden-mobile elementor-widget elementor-widget-wd_text_block\" data-id=\"488cb51\" data-element_type=\"widget\" data-widget_type=\"wd_text_block.default\">\n\t\t\t\t<div class=\"elementor-widget-container\">\n\t\t\t\t\t\t\t<div class=\"wd-text-block reset-last-child text-right\">\n\t\t\t\n\t\t\t\n\t\t\t\t\t<\/div>\n\t\t\t\t\t\t<\/div>\n\t\t\t\t<\/div>\n\t\t\t\t<div class=\"elementor-element elementor-element-6205363 wd-width-100 elementor-widget elementor-widget-wd_title\" data-id=\"6205363\" data-element_type=\"widget\" data-widget_type=\"wd_title.default\">\n\t\t\t\t<div class=\"elementor-widget-container\">\n\t\t\t\t\t\t\t<div class=\"title-wrapper set-mb-s reset-last-child wd-title-color-default wd-title-style-default wd-title-size-extra-large text-left\">\n\n\t\t\t\t\t\t\t<div class=\"title-subtitle subtitle-color-default subtitle-style-default wd-fontsize-m\">\n\t\t\t\t\tSalt Room Applications\t\t\t\t<\/div>\n\t\t\t\n\t\t\t<div class=\"liner-continer\">\n\t\t\t\t<h4 class=\"woodmart-title-container title wd-fontsize-xxxl wd-underline-colored\">Health and Aesthetics Combined with Salt Blocks\u201d <u><\/u> <\/h4> \n\t\t\t\t\t\t\t<\/div>\n\n\t\t\t\t\t<\/div>\n\t\t\t\t\t\t<\/div>\n\t\t\t\t<\/div>\n\t\t\t\t<div class=\"elementor-element elementor-element-9df9ab6 elementor-widget elementor-widget-wd_text_block\" data-id=\"9df9ab6\" data-element_type=\"widget\" data-widget_type=\"wd_text_block.default\">\n\t\t\t\t<div class=\"elementor-widget-container\">\n\t\t\t\t\t\t\t<div class=\"wd-text-block reset-last-child text-left\">\n\t\t\t\n\t\t\t<p data-start=\"532\" data-end=\"863\" class=\" translation-block\">At Barrsell End\u00fcstri, we don't just manufacture salt blocks, we also design them in custom sizes to suit your projects and provide application support. Each block is precision cut using CNC machines to preserve its natural appearance, then finished to add elegance and functionality to your space.<\/p><p data-start=\"865\" data-end=\"1067\" class=\" translation-block\">Salt blocks are the ideal solution for <strong data-start=\"\u201c879\u201d\" data-end=\"\u201c964\u201d\">spa centers, salt rooms, saunas, hotel lobby designs, and home decorations<\/strong>. Thanks to their aesthetic appearance and health benefits, they add value to your space.<\/p>\n\t\t\t\t\t<\/div>\n\t\t\t\t\t\t<\/div>\n\t\t\t\t<\/div>\n\t\t\t\t\t<\/div>\n\t\t<\/div>\n\t\t\t\t\t<\/div>\n\t\t<\/section>\n\t\t\t\t<section class=\"elementor-section elementor-top-section elementor-element elementor-element-9eed433 wd-section-stretch elementor-section-content-middle elementor-section-boxed elementor-section-height-default elementor-section-height-default\" data-id=\"9eed433\" data-element_type=\"section\" data-settings=\"{&quot;background_background&quot;:&quot;classic&quot;}\">\n\t\t\t\t\t\t<div class=\"elementor-container elementor-column-gap-extended\">\n\t\t\t\t\t<div class=\"elementor-column elementor-col-100 elementor-top-column elementor-element elementor-element-ea443a6\" data-id=\"ea443a6\" data-element_type=\"column\">\n\t\t\t<div class=\"elementor-widget-wrap\">\n\t\t\t\t\t\t\t<\/div>\n\t\t<\/div>\n\t\t\t\t\t<\/div>\n\t\t<\/section>\n\t\t\t\t<\/div>","protected":false},"excerpt":{"rendered":"<p>BRS Tuz Blok Tu\u011fla Tuz blok tu\u011flalar, Himalaya tuzu veya \u00f6zel kaya tuzlar\u0131ndan kesilerek \u00fcretilen do\u011fal yap\u0131 malzemeleridir. Bu tu\u011flalar,<\/p>","protected":false},"author":1,"featured_media":20266,"parent":0,"menu_order":0,"comment_status":"closed","ping_status":"closed","template":"","meta":{"footnotes":""},"class_list":["post-22436","page","type-page","status-publish","has-post-thumbnail","hentry"],"yoast_head":"<!-- This site is optimized with the Yoast SEO Premium plugin v23.2 (Yoast SEO v23.2) - https:\/\/yoast.com\/wordpress\/plugins\/seo\/ -->\n<title>Tuz Blok Tu\u011fla | Barrsell End\u00fcstri<\/title>\n<meta name=\"robots\" content=\"index, follow, max-snippet:-1, max-image-preview:large, max-video-preview:-1\" \/>\n<link rel=\"canonical\" href=\"https:\/\/barrsell.com\/en\/salt-block-brick\/\" \/>\n<meta property=\"og:locale\" content=\"en_US\" \/>\n<meta property=\"og:type\" content=\"article\" \/>\n<meta property=\"og:title\" content=\"Tuz Blok Tu\u011fla\" \/>\n<meta property=\"og:description\" content=\"BRS Tuz Blok Tu\u011fla Tuz blok tu\u011flalar, Himalaya tuzu veya \u00f6zel kaya tuzlar\u0131ndan kesilerek \u00fcretilen do\u011fal yap\u0131 malzemeleridir. Bu tu\u011flalar,\" \/>\n<meta property=\"og:url\" content=\"https:\/\/barrsell.com\/en\/salt-block-brick\/\" \/>\n<meta property=\"og:site_name\" content=\"Barrsell\" \/>\n<meta property=\"article:modified_time\" content=\"2025-08-19T07:56:13+00:00\" \/>\n<meta property=\"og:image\" content=\"https:\/\/barrsell.com\/wp-content\/uploads\/2024\/10\/Buharli-Tuz-Uygulamalari.webp\" \/>\n\t<meta property=\"og:image:width\" content=\"1024\" \/>\n\t<meta property=\"og:image:height\" content=\"1024\" \/>\n\t<meta property=\"og:image:type\" content=\"image\/webp\" \/>\n<meta name=\"twitter:card\" content=\"summary_large_image\" \/>\n<meta name=\"twitter:label1\" content=\"Est. reading time\" \/>\n\t<meta name=\"twitter:data1\" content=\"2 minutes\" \/>\n<script type=\"application\/ld+json\" class=\"yoast-schema-graph\">{\"@context\":\"https:\/\/schema.org\",\"@graph\":[{\"@type\":\"WebPage\",\"@id\":\"https:\/\/barrsell.com\/tuz-blok-tugla\/\",\"url\":\"https:\/\/barrsell.com\/tuz-blok-tugla\/\",\"name\":\"Tuz Blok Tu\u011fla | Barrsell End\u00fcstri\",\"isPartOf\":{\"@id\":\"https:\/\/barrsell.com\/#website\"},\"primaryImageOfPage\":{\"@id\":\"https:\/\/barrsell.com\/tuz-blok-tugla\/#primaryimage\"},\"image\":{\"@id\":\"https:\/\/barrsell.com\/tuz-blok-tugla\/#primaryimage\"},\"thumbnailUrl\":\"https:\/\/barrsell.com\/wp-content\/uploads\/2024\/10\/Buharli-Tuz-Uygulamalari.webp\",\"datePublished\":\"2025-08-19T07:36:01+00:00\",\"dateModified\":\"2025-08-19T07:56:13+00:00\",\"breadcrumb\":{\"@id\":\"https:\/\/barrsell.com\/tuz-blok-tugla\/#breadcrumb\"},\"inLanguage\":\"en-US\",\"potentialAction\":[{\"@type\":\"ReadAction\",\"target\":[\"https:\/\/barrsell.com\/tuz-blok-tugla\/\"]}]},{\"@type\":\"ImageObject\",\"inLanguage\":\"en-US\",\"@id\":\"https:\/\/barrsell.com\/tuz-blok-tugla\/#primaryimage\",\"url\":\"https:\/\/barrsell.com\/wp-content\/uploads\/2024\/10\/Buharli-Tuz-Uygulamalari.webp\",\"contentUrl\":\"https:\/\/barrsell.com\/wp-content\/uploads\/2024\/10\/Buharli-Tuz-Uygulamalari.webp\",\"width\":1024,\"height\":1024,\"caption\":\"Buharl\u0131 Tuz Uygulamalar\u0131\"},{\"@type\":\"BreadcrumbList\",\"@id\":\"https:\/\/barrsell.com\/tuz-blok-tugla\/#breadcrumb\",\"itemListElement\":[{\"@type\":\"ListItem\",\"position\":1,\"name\":\"Home\",\"item\":\"https:\/\/barrsell.com\/\"},{\"@type\":\"ListItem\",\"position\":2,\"name\":\"Tuz Blok Tu\u011fla\"}]},{\"@type\":\"WebSite\",\"@id\":\"https:\/\/barrsell.com\/#website\",\"url\":\"https:\/\/barrsell.com\/\",\"name\":\"Barrsell End\u00fcstri Makine\",\"description\":\"Teknolojiyle G\u00fc\u00e7lenen End\u00fcstriyel \u00c7\u00f6z\u00fcmler!\",\"potentialAction\":[{\"@type\":\"SearchAction\",\"target\":{\"@type\":\"EntryPoint\",\"urlTemplate\":\"https:\/\/barrsell.com\/?s={search_term_string}\"},\"query-input\":\"required name=search_term_string\"}],\"inLanguage\":\"en-US\"}]}<\/script>\n<!-- \/ Yoast SEO Premium plugin. -->","yoast_head_json":{"title":"Tuz Blok Tu\u011fla | Barrsell End\u00fcstri","robots":{"index":"index","follow":"follow","max-snippet":"max-snippet:-1","max-image-preview":"max-image-preview:large","max-video-preview":"max-video-preview:-1"},"canonical":"https:\/\/barrsell.com\/en\/salt-block-brick\/","og_locale":"en_US","og_type":"article","og_title":"Tuz Blok Tu\u011fla","og_description":"BRS Tuz Blok Tu\u011fla Tuz blok tu\u011flalar, Himalaya tuzu veya \u00f6zel kaya tuzlar\u0131ndan kesilerek \u00fcretilen do\u011fal yap\u0131 malzemeleridir. Bu tu\u011flalar,","og_url":"https:\/\/barrsell.com\/en\/salt-block-brick\/","og_site_name":"Barrsell","article_modified_time":"2025-08-19T07:56:13+00:00","og_image":[{"width":1024,"height":1024,"url":"https:\/\/barrsell.com\/wp-content\/uploads\/2024\/10\/Buharli-Tuz-Uygulamalari.webp","type":"image\/webp"}],"twitter_card":"summary_large_image","twitter_misc":{"Est. reading time":"2 minutes"},"schema":{"@context":"https:\/\/schema.org","@graph":[{"@type":"WebPage","@id":"https:\/\/barrsell.com\/tuz-blok-tugla\/","url":"https:\/\/barrsell.com\/tuz-blok-tugla\/","name":"Tuz Blok Tu\u011fla | Barrsell End\u00fcstri","isPartOf":{"@id":"https:\/\/barrsell.com\/#website"},"primaryImageOfPage":{"@id":"https:\/\/barrsell.com\/tuz-blok-tugla\/#primaryimage"},"image":{"@id":"https:\/\/barrsell.com\/tuz-blok-tugla\/#primaryimage"},"thumbnailUrl":"https:\/\/barrsell.com\/wp-content\/uploads\/2024\/10\/Buharli-Tuz-Uygulamalari.webp","datePublished":"2025-08-19T07:36:01+00:00","dateModified":"2025-08-19T07:56:13+00:00","breadcrumb":{"@id":"https:\/\/barrsell.com\/tuz-blok-tugla\/#breadcrumb"},"inLanguage":"en-US","potentialAction":[{"@type":"ReadAction","target":["https:\/\/barrsell.com\/tuz-blok-tugla\/"]}]},{"@type":"ImageObject","inLanguage":"en-US","@id":"https:\/\/barrsell.com\/tuz-blok-tugla\/#primaryimage","url":"https:\/\/barrsell.com\/wp-content\/uploads\/2024\/10\/Buharli-Tuz-Uygulamalari.webp","contentUrl":"https:\/\/barrsell.com\/wp-content\/uploads\/2024\/10\/Buharli-Tuz-Uygulamalari.webp","width":1024,"height":1024,"caption":"Buharl\u0131 Tuz Uygulamalar\u0131"},{"@type":"BreadcrumbList","@id":"https:\/\/barrsell.com\/tuz-blok-tugla\/#breadcrumb","itemListElement":[{"@type":"ListItem","position":1,"name":"Home","item":"https:\/\/barrsell.com\/"},{"@type":"ListItem","position":2,"name":"Tuz Blok Tu\u011fla"}]},{"@type":"WebSite","@id":"https:\/\/barrsell.com\/#website","url":"https:\/\/barrsell.com\/","name":"Barrsell End\u00fcstri Makine","description":"Teknolojiyle G\u00fc\u00e7lenen End\u00fcstriyel \u00c7\u00f6z\u00fcmler!","potentialAction":[{"@type":"SearchAction","target":{"@type":"EntryPoint","urlTemplate":"https:\/\/barrsell.com\/?s={search_term_string}"},"query-input":"required name=search_term_string"}],"inLanguage":"en-US"}]}},"_links":{"self":[{"href":"https:\/\/barrsell.com\/en\/wp-json\/wp\/v2\/pages\/22436","targetHints":{"allow":["GET"]}}],"collection":[{"href":"https:\/\/barrsell.com\/en\/wp-json\/wp\/v2\/pages"}],"about":[{"href":"https:\/\/barrsell.com\/en\/wp-json\/wp\/v2\/types\/page"}],"author":[{"embeddable":true,"href":"https:\/\/barrsell.com\/en\/wp-json\/wp\/v2\/users\/1"}],"replies":[{"embeddable":true,"href":"https:\/\/barrsell.com\/en\/wp-json\/wp\/v2\/comments?post=22436"}],"version-history":[{"count":13,"href":"https:\/\/barrsell.com\/en\/wp-json\/wp\/v2\/pages\/22436\/revisions"}],"predecessor-version":[{"id":22452,"href":"https:\/\/barrsell.com\/en\/wp-json\/wp\/v2\/pages\/22436\/revisions\/22452"}],"wp:featuredmedia":[{"embeddable":true,"href":"https:\/\/barrsell.com\/en\/wp-json\/wp\/v2\/media\/20266"}],"wp:attachment":[{"href":"https:\/\/barrsell.com\/en\/wp-json\/wp\/v2\/media?parent=22436"}],"curies":[{"name":"wp","href":"https:\/\/api.w.org\/{rel}","templated":true}]}}