{"id":12315,"date":"2024-08-18T10:58:01","date_gmt":"2024-08-18T10:58:01","guid":{"rendered":"https:\/\/barrsell.com\/?page_id=12315"},"modified":"2025-01-09T12:32:39","modified_gmt":"2025-01-09T12:32:39","slug":"nakliye-politikasi","status":"publish","type":"page","link":"https:\/\/barrsell.com\/en\/shipping-policy\/","title":{"rendered":"Shipping Policy"},"content":{"rendered":"<div data-elementor-type=\"wp-page\" data-elementor-id=\"12315\" class=\"elementor elementor-12315\" data-elementor-post-type=\"page\">\n\t\t\t\t<div class=\"wd-negative-gap elementor-element elementor-element-b6984ba e-flex e-con-boxed e-con e-parent\" data-id=\"b6984ba\" data-element_type=\"container\" data-settings=\"{&quot;background_background&quot;:&quot;classic&quot;}\">\n\t\t\t\t\t<div class=\"e-con-inner\">\n\t\t\t\t<div class=\"elementor-element elementor-element-f8fc909 wd-width-100 elementor-widget elementor-widget-wd_title\" data-id=\"f8fc909\" data-element_type=\"widget\" data-widget_type=\"wd_title.default\">\n\t\t\t\t<div class=\"elementor-widget-container\">\n\t\t\t\t\t\t\t<div class=\"title-wrapper set-mb-s reset-last-child wd-title-color-default wd-title-style-default wd-title-size-default text-left\">\n\n\t\t\t\n\t\t\t<div class=\"liner-continer\">\n\t\t\t\t<h4 class=\"woodmart-title-container title wd-fontsize-l\">Shipping Policy<\/h4> \n\t\t\t\t\t\t\t<\/div>\n\n\t\t\t\t\t<\/div>\n\t\t\t\t\t\t<\/div>\n\t\t\t\t<\/div>\n\t\t\t\t<div class=\"elementor-element elementor-element-c3efa07 elementor-widget elementor-widget-wd_text_block\" data-id=\"c3efa07\" data-element_type=\"widget\" data-widget_type=\"wd_text_block.default\">\n\t\t\t\t<div class=\"elementor-widget-container\">\n\t\t\t\t\t\t\t<div class=\"wd-text-block reset-last-child text-left\">\n\t\t\t\n\t\t\t<p><strong>Shipping Policy<\/strong><\/p><p><strong>Domestic Transportation<\/strong><\/p><p>All orders are delivered quickly and reliably to every point in Turkey. Your orders are delivered to the cargo within the working day determined by the seller according to the product purchased after the purchase is approved. The delivery time of your orders by the cargo company may vary depending on the province or district you are in.<\/p><p><strong>Shipping Fees:<\/strong><br \/>The shipping fee for all your domestic and international orders is covered by the buyer.\u00a0\u00a0<\/p><p><strong>International Transportation<\/strong><\/p><p>Your international orders are delivered safely and quickly to anywhere in the world. International orders are shipped within the business days determined by the seller after payment confirmation. Delivery time may vary depending on the customs and shipping procedures of your country.<\/p><p><strong>Shipping Fees:<\/strong><br \/>In overseas shipments, the shipping fee varies according to the weight, volume and country of delivery of the order. Shipping costs will be calculated and displayed automatically on the payment screen that completes your order. In addition, additional costs that may arise due to customs and tax procedures of the receiving country belong to the buyer.<\/p><p><strong>Tracking &amp; Delivery<\/strong><br \/>When your order is shipped, you can track your cargo instantly with the tracking number to be sent to you. During the deliveries to be made by the cargo company, you need to be at your delivery address. During the delivery, we kindly ask you to check your package and fasten it to the cargo authority in case of any damage.<\/p><p>Feel free to contact our customer service team when you have any questions. Our goal is to make the best of your shopping experience.<\/p>\n\t\t\t\t\t<\/div>\n\t\t\t\t\t\t<\/div>\n\t\t\t\t<\/div>\n\t\t\t\t\t<\/div>\n\t\t\t\t<\/div>\n\t\t\t\t<\/div>","protected":false},"excerpt":{"rendered":"<p>Nakliye Politikas\u0131 Nakliye Politikas\u0131 Yurt \u0130\u00e7i Nakliye T\u00fcm sipari\u015fler, T\u00fcrkiye\u2019nin her noktas\u0131na h\u0131zl\u0131 ve g\u00fcvenilir bir \u015fekilde ula\u015ft\u0131r\u0131l\u0131r. Sipari\u015fleriniz, sat\u0131n<\/p>","protected":false},"author":1,"featured_media":0,"parent":0,"menu_order":0,"comment_status":"closed","ping_status":"closed","template":"","meta":{"footnotes":""},"class_list":["post-12315","page","type-page","status-publish","hentry"],"yoast_head":"<!-- This site is optimized with the Yoast SEO Premium plugin v23.2 (Yoast SEO v23.2) - https:\/\/yoast.com\/wordpress\/plugins\/seo\/ -->\n<title>Nakliye Politikas\u0131 | Barrsell<\/title>\n<meta name=\"robots\" content=\"index, follow, max-snippet:-1, max-image-preview:large, max-video-preview:-1\" \/>\n<link rel=\"canonical\" href=\"https:\/\/barrsell.com\/en\/shipping-policy\/\" \/>\n<meta property=\"og:locale\" content=\"en_US\" \/>\n<meta property=\"og:type\" content=\"article\" \/>\n<meta property=\"og:title\" content=\"Nakliye Politikas\u0131\" \/>\n<meta property=\"og:description\" content=\"Nakliye Politikas\u0131 Nakliye Politikas\u0131 Yurt \u0130\u00e7i Nakliye T\u00fcm sipari\u015fler, T\u00fcrkiye\u2019nin her noktas\u0131na h\u0131zl\u0131 ve g\u00fcvenilir bir \u015fekilde ula\u015ft\u0131r\u0131l\u0131r. Sipari\u015fleriniz, sat\u0131n\" \/>\n<meta property=\"og:url\" content=\"https:\/\/barrsell.com\/en\/shipping-policy\/\" \/>\n<meta property=\"og:site_name\" content=\"Barrsell\" \/>\n<meta property=\"article:modified_time\" content=\"2025-01-09T12:32:39+00:00\" \/>\n<meta name=\"twitter:card\" content=\"summary_large_image\" \/>\n<meta name=\"twitter:label1\" content=\"Est. reading time\" \/>\n\t<meta name=\"twitter:data1\" content=\"2 minutes\" \/>\n<script type=\"application\/ld+json\" class=\"yoast-schema-graph\">{\"@context\":\"https:\/\/schema.org\",\"@graph\":[{\"@type\":\"WebPage\",\"@id\":\"https:\/\/barrsell.com\/nakliye-politikasi\/\",\"url\":\"https:\/\/barrsell.com\/nakliye-politikasi\/\",\"name\":\"Nakliye Politikas\u0131 | Barrsell\",\"isPartOf\":{\"@id\":\"https:\/\/barrsell.com\/#website\"},\"datePublished\":\"2024-08-18T10:58:01+00:00\",\"dateModified\":\"2025-01-09T12:32:39+00:00\",\"breadcrumb\":{\"@id\":\"https:\/\/barrsell.com\/nakliye-politikasi\/#breadcrumb\"},\"inLanguage\":\"en-US\",\"potentialAction\":[{\"@type\":\"ReadAction\",\"target\":[\"https:\/\/barrsell.com\/nakliye-politikasi\/\"]}]},{\"@type\":\"BreadcrumbList\",\"@id\":\"https:\/\/barrsell.com\/nakliye-politikasi\/#breadcrumb\",\"itemListElement\":[{\"@type\":\"ListItem\",\"position\":1,\"name\":\"Home\",\"item\":\"https:\/\/barrsell.com\/\"},{\"@type\":\"ListItem\",\"position\":2,\"name\":\"Nakliye Politikas\u0131\"}]},{\"@type\":\"WebSite\",\"@id\":\"https:\/\/barrsell.com\/#website\",\"url\":\"https:\/\/barrsell.com\/\",\"name\":\"Barrsell End\u00fcstri Makine\",\"description\":\"Teknolojiyle G\u00fc\u00e7lenen End\u00fcstriyel \u00c7\u00f6z\u00fcmler!\",\"potentialAction\":[{\"@type\":\"SearchAction\",\"target\":{\"@type\":\"EntryPoint\",\"urlTemplate\":\"https:\/\/barrsell.com\/?s={search_term_string}\"},\"query-input\":\"required name=search_term_string\"}],\"inLanguage\":\"en-US\"}]}<\/script>\n<!-- \/ Yoast SEO Premium plugin. -->","yoast_head_json":{"title":"Nakliye Politikas\u0131 | Barrsell","robots":{"index":"index","follow":"follow","max-snippet":"max-snippet:-1","max-image-preview":"max-image-preview:large","max-video-preview":"max-video-preview:-1"},"canonical":"https:\/\/barrsell.com\/en\/shipping-policy\/","og_locale":"en_US","og_type":"article","og_title":"Nakliye Politikas\u0131","og_description":"Nakliye Politikas\u0131 Nakliye Politikas\u0131 Yurt \u0130\u00e7i Nakliye T\u00fcm sipari\u015fler, T\u00fcrkiye\u2019nin her noktas\u0131na h\u0131zl\u0131 ve g\u00fcvenilir bir \u015fekilde ula\u015ft\u0131r\u0131l\u0131r. Sipari\u015fleriniz, sat\u0131n","og_url":"https:\/\/barrsell.com\/en\/shipping-policy\/","og_site_name":"Barrsell","article_modified_time":"2025-01-09T12:32:39+00:00","twitter_card":"summary_large_image","twitter_misc":{"Est. reading time":"2 minutes"},"schema":{"@context":"https:\/\/schema.org","@graph":[{"@type":"WebPage","@id":"https:\/\/barrsell.com\/nakliye-politikasi\/","url":"https:\/\/barrsell.com\/nakliye-politikasi\/","name":"Nakliye Politikas\u0131 | Barrsell","isPartOf":{"@id":"https:\/\/barrsell.com\/#website"},"datePublished":"2024-08-18T10:58:01+00:00","dateModified":"2025-01-09T12:32:39+00:00","breadcrumb":{"@id":"https:\/\/barrsell.com\/nakliye-politikasi\/#breadcrumb"},"inLanguage":"en-US","potentialAction":[{"@type":"ReadAction","target":["https:\/\/barrsell.com\/nakliye-politikasi\/"]}]},{"@type":"BreadcrumbList","@id":"https:\/\/barrsell.com\/nakliye-politikasi\/#breadcrumb","itemListElement":[{"@type":"ListItem","position":1,"name":"Home","item":"https:\/\/barrsell.com\/"},{"@type":"ListItem","position":2,"name":"Nakliye Politikas\u0131"}]},{"@type":"WebSite","@id":"https:\/\/barrsell.com\/#website","url":"https:\/\/barrsell.com\/","name":"Barrsell End\u00fcstri Makine","description":"Teknolojiyle G\u00fc\u00e7lenen End\u00fcstriyel \u00c7\u00f6z\u00fcmler!","potentialAction":[{"@type":"SearchAction","target":{"@type":"EntryPoint","urlTemplate":"https:\/\/barrsell.com\/?s={search_term_string}"},"query-input":"required name=search_term_string"}],"inLanguage":"en-US"}]}},"_links":{"self":[{"href":"https:\/\/barrsell.com\/en\/wp-json\/wp\/v2\/pages\/12315","targetHints":{"allow":["GET"]}}],"collection":[{"href":"https:\/\/barrsell.com\/en\/wp-json\/wp\/v2\/pages"}],"about":[{"href":"https:\/\/barrsell.com\/en\/wp-json\/wp\/v2\/types\/page"}],"author":[{"embeddable":true,"href":"https:\/\/barrsell.com\/en\/wp-json\/wp\/v2\/users\/1"}],"replies":[{"embeddable":true,"href":"https:\/\/barrsell.com\/en\/wp-json\/wp\/v2\/comments?post=12315"}],"version-history":[{"count":10,"href":"https:\/\/barrsell.com\/en\/wp-json\/wp\/v2\/pages\/12315\/revisions"}],"predecessor-version":[{"id":20140,"href":"https:\/\/barrsell.com\/en\/wp-json\/wp\/v2\/pages\/12315\/revisions\/20140"}],"wp:attachment":[{"href":"https:\/\/barrsell.com\/en\/wp-json\/wp\/v2\/media?parent=12315"}],"curies":[{"name":"wp","href":"https:\/\/api.w.org\/{rel}","templated":true}]}}