{"id":12303,"date":"2024-08-18T10:55:52","date_gmt":"2024-08-18T10:55:52","guid":{"rendered":"https:\/\/barrsell.com\/?page_id=12303"},"modified":"2025-01-09T12:27:41","modified_gmt":"2025-01-09T12:27:41","slug":"mesafeli-satis-sozlesmesi","status":"publish","type":"page","link":"https:\/\/barrsell.com\/en\/distance-sales-contract\/","title":{"rendered":"Distance Sales Contract"},"content":{"rendered":"<div data-elementor-type=\"wp-page\" data-elementor-id=\"12303\" class=\"elementor elementor-12303\" data-elementor-post-type=\"page\">\n\t\t\t\t<div class=\"wd-negative-gap elementor-element elementor-element-b6984ba e-flex e-con-boxed e-con e-parent\" data-id=\"b6984ba\" data-element_type=\"container\" data-settings=\"{&quot;background_background&quot;:&quot;classic&quot;}\">\n\t\t\t\t\t<div class=\"e-con-inner\">\n\t\t\t\t<div class=\"elementor-element elementor-element-f8fc909 wd-width-100 elementor-widget elementor-widget-wd_title\" data-id=\"f8fc909\" data-element_type=\"widget\" data-widget_type=\"wd_title.default\">\n\t\t\t\t<div class=\"elementor-widget-container\">\n\t\t\t\t\t\t\t<div class=\"title-wrapper set-mb-s reset-last-child wd-title-color-default wd-title-style-default wd-title-size-default text-left\">\n\n\t\t\t\n\t\t\t<div class=\"liner-continer\">\n\t\t\t\t<h4 class=\"woodmart-title-container title wd-fontsize-l\">Distance Sales Contract<\/h4> \n\t\t\t\t\t\t\t<\/div>\n\n\t\t\t\t\t<\/div>\n\t\t\t\t\t\t<\/div>\n\t\t\t\t<\/div>\n\t\t\t\t<div class=\"elementor-element elementor-element-c3efa07 elementor-widget elementor-widget-wd_text_block\" data-id=\"c3efa07\" data-element_type=\"widget\" data-widget_type=\"wd_text_block.default\">\n\t\t\t\t<div class=\"elementor-widget-container\">\n\t\t\t\t\t\t\t<div class=\"wd-text-block reset-last-child text-left\">\n\t\t\t\n\t\t\t<p><strong>DISTANCE SALES CONTRACT<\/strong><\/p><p><strong>Article 1: Parties<\/strong><\/p><ol><li><strong>Seller<\/strong><ul><li>Company Name: WDTeknoloji Spa Wellness \u0130n\u015f.San.Ltd.\u015fti<\/li><li>Authorized Person Adnan Ekinci<\/li><li>Address: Vatan Mah.Filiz Cad.No:13\/E Karaba\u011flar \u0130zmir<\/li><li>Telephone: +90 (232) 238 12 46<\/li><li>E-mail: info@wdteknoloji.com<\/li><li>Trade Registry Number: 178099<\/li><li>Tax Identification Number: 8000525925<\/li><\/ul><\/li><li><strong>Buyer<\/strong><ul><li>Name Surname [Recipient Name Surname]<\/li><li>Address: [Recipient Address]<\/li><li>Telephone: [Recipient Phone Number]<\/li><li>Email: [Recipient Email Address]<\/li><\/ul><\/li><\/ol><p><strong>Article 2: Subject of the Contract<\/strong><\/p><p>This Agreement sets out the terms for the purchase and delivery of products or services offered to the Buyer from the e-commerce site operated by WDTeknoloji Spa Wellness \u0130n\u015f.San.Ltd.\u015fti (website: www.barrsell.com).<\/p><p><strong>Article 3: Product or Service Information<\/strong><\/p><ol><li>Product\/Service Name: All industrial mechanical machines and spare parts<\/li><li>Sales Price: including vat<\/li><li>Product\/Service Description:<\/li><li>Delivery Address: Vatan Mah.Filiz Cad.No:13\/E Karaba\u011flar \u0130zmir<\/li><li>Payment Method:  Credit Card, Bank Transfer<\/li><\/ol><p><strong>Article 4: Order and Payment<\/strong><\/p><p>The buyer completes the order for the product or service from the Barrsell Industry e-commerce site and will carry out the confirmation of the order with the form of payment provided.<\/p><ol><li>When the order is confirmed, the Seller will email the Buyer the details of the order and confirmation of payment.<\/li><li>Payment shall be made by the payment method chosen by the Buyer and the Seller shall process the order upon completion of payment.\u00a0<\/li><\/ol><p><strong>Article 5: Warranty and Liability<\/strong><\/p><ol><li>The Seller declares that the goods conform to the stated specifications.<\/li><li>Information on the warranty period and terms and conditions can be found on the product packaging or in the user manual.<\/li><\/ol><p><strong>Article 6: Dispute Resolution<\/strong><\/p><ol><li>The laws of the Republic of Turkey shall apply to the settlement of disputes that may arise out of this Agreement.<\/li><li>Izmir Courts and Execution Offices are authorized to resolve disputes.<\/li><\/ol><p><strong>Article 7: Enforcement<\/strong><\/p><ol><li>This Agreement shall enter into force upon the Buyer's confirmation of the order and completion of the payment process.<\/li><li>The contract is valid until the completion of the order.<\/li><\/ol>\n\t\t\t\t\t<\/div>\n\t\t\t\t\t\t<\/div>\n\t\t\t\t<\/div>\n\t\t\t\t\t<\/div>\n\t\t\t\t<\/div>\n\t\t\t\t<\/div>","protected":false},"excerpt":{"rendered":"<p>Mesafeli Sat\u0131\u015f S\u00f6zle\u015fmesi MESAFEL\u0130 SATI\u015e S\u00d6ZLE\u015eMES\u0130 Madde 1: Taraflar Sat\u0131c\u0131: Firma Ad\u0131: WDTeknoloji Spa Wellness \u0130n\u015f.San.Ltd.\u015fti Yetkili Ki\u015fi: Adnan Ekinci<\/p>","protected":false},"author":1,"featured_media":0,"parent":0,"menu_order":0,"comment_status":"closed","ping_status":"closed","template":"","meta":{"footnotes":""},"class_list":["post-12303","page","type-page","status-publish","hentry"],"yoast_head":"<!-- This site is optimized with the Yoast SEO Premium plugin v23.2 (Yoast SEO v23.2) - https:\/\/yoast.com\/wordpress\/plugins\/seo\/ -->\n<title>Mesafeli Sat\u0131\u015f S\u00f6zle\u015fmesi | Barrsell<\/title>\n<meta name=\"robots\" content=\"index, follow, max-snippet:-1, max-image-preview:large, max-video-preview:-1\" \/>\n<link rel=\"canonical\" href=\"https:\/\/barrsell.com\/en\/distance-sales-contract\/\" \/>\n<meta property=\"og:locale\" content=\"en_US\" \/>\n<meta property=\"og:type\" content=\"article\" \/>\n<meta property=\"og:title\" content=\"Mesafeli Sat\u0131\u015f S\u00f6zle\u015fmesi\" \/>\n<meta property=\"og:description\" content=\"Mesafeli Sat\u0131\u015f S\u00f6zle\u015fmesi MESAFEL\u0130 SATI\u015e S\u00d6ZLE\u015eMES\u0130 Madde 1: Taraflar Sat\u0131c\u0131: Firma Ad\u0131: WDTeknoloji Spa Wellness \u0130n\u015f.San.Ltd.\u015fti Yetkili Ki\u015fi: Adnan Ekinci\" \/>\n<meta property=\"og:url\" content=\"https:\/\/barrsell.com\/en\/distance-sales-contract\/\" \/>\n<meta property=\"og:site_name\" content=\"Barrsell\" \/>\n<meta property=\"article:modified_time\" content=\"2025-01-09T12:27:41+00:00\" \/>\n<meta name=\"twitter:card\" content=\"summary_large_image\" \/>\n<meta name=\"twitter:label1\" content=\"Est. reading time\" \/>\n\t<meta name=\"twitter:data1\" content=\"2 minutes\" \/>\n<script type=\"application\/ld+json\" class=\"yoast-schema-graph\">{\"@context\":\"https:\/\/schema.org\",\"@graph\":[{\"@type\":\"WebPage\",\"@id\":\"https:\/\/barrsell.com\/mesafeli-satis-sozlesmesi\/\",\"url\":\"https:\/\/barrsell.com\/mesafeli-satis-sozlesmesi\/\",\"name\":\"Mesafeli Sat\u0131\u015f S\u00f6zle\u015fmesi | Barrsell\",\"isPartOf\":{\"@id\":\"https:\/\/barrsell.com\/#website\"},\"datePublished\":\"2024-08-18T10:55:52+00:00\",\"dateModified\":\"2025-01-09T12:27:41+00:00\",\"breadcrumb\":{\"@id\":\"https:\/\/barrsell.com\/mesafeli-satis-sozlesmesi\/#breadcrumb\"},\"inLanguage\":\"en-US\",\"potentialAction\":[{\"@type\":\"ReadAction\",\"target\":[\"https:\/\/barrsell.com\/mesafeli-satis-sozlesmesi\/\"]}]},{\"@type\":\"BreadcrumbList\",\"@id\":\"https:\/\/barrsell.com\/mesafeli-satis-sozlesmesi\/#breadcrumb\",\"itemListElement\":[{\"@type\":\"ListItem\",\"position\":1,\"name\":\"Home\",\"item\":\"https:\/\/barrsell.com\/\"},{\"@type\":\"ListItem\",\"position\":2,\"name\":\"Mesafeli Sat\u0131\u015f S\u00f6zle\u015fmesi\"}]},{\"@type\":\"WebSite\",\"@id\":\"https:\/\/barrsell.com\/#website\",\"url\":\"https:\/\/barrsell.com\/\",\"name\":\"Barrsell End\u00fcstri Makine\",\"description\":\"Teknolojiyle G\u00fc\u00e7lenen End\u00fcstriyel \u00c7\u00f6z\u00fcmler!\",\"potentialAction\":[{\"@type\":\"SearchAction\",\"target\":{\"@type\":\"EntryPoint\",\"urlTemplate\":\"https:\/\/barrsell.com\/?s={search_term_string}\"},\"query-input\":\"required name=search_term_string\"}],\"inLanguage\":\"en-US\"}]}<\/script>\n<!-- \/ Yoast SEO Premium plugin. -->","yoast_head_json":{"title":"Mesafeli Sat\u0131\u015f S\u00f6zle\u015fmesi | Barrsell","robots":{"index":"index","follow":"follow","max-snippet":"max-snippet:-1","max-image-preview":"max-image-preview:large","max-video-preview":"max-video-preview:-1"},"canonical":"https:\/\/barrsell.com\/en\/distance-sales-contract\/","og_locale":"en_US","og_type":"article","og_title":"Mesafeli Sat\u0131\u015f S\u00f6zle\u015fmesi","og_description":"Mesafeli Sat\u0131\u015f S\u00f6zle\u015fmesi MESAFEL\u0130 SATI\u015e S\u00d6ZLE\u015eMES\u0130 Madde 1: Taraflar Sat\u0131c\u0131: Firma Ad\u0131: WDTeknoloji Spa Wellness \u0130n\u015f.San.Ltd.\u015fti Yetkili Ki\u015fi: Adnan Ekinci","og_url":"https:\/\/barrsell.com\/en\/distance-sales-contract\/","og_site_name":"Barrsell","article_modified_time":"2025-01-09T12:27:41+00:00","twitter_card":"summary_large_image","twitter_misc":{"Est. reading time":"2 minutes"},"schema":{"@context":"https:\/\/schema.org","@graph":[{"@type":"WebPage","@id":"https:\/\/barrsell.com\/mesafeli-satis-sozlesmesi\/","url":"https:\/\/barrsell.com\/mesafeli-satis-sozlesmesi\/","name":"Mesafeli Sat\u0131\u015f S\u00f6zle\u015fmesi | Barrsell","isPartOf":{"@id":"https:\/\/barrsell.com\/#website"},"datePublished":"2024-08-18T10:55:52+00:00","dateModified":"2025-01-09T12:27:41+00:00","breadcrumb":{"@id":"https:\/\/barrsell.com\/mesafeli-satis-sozlesmesi\/#breadcrumb"},"inLanguage":"en-US","potentialAction":[{"@type":"ReadAction","target":["https:\/\/barrsell.com\/mesafeli-satis-sozlesmesi\/"]}]},{"@type":"BreadcrumbList","@id":"https:\/\/barrsell.com\/mesafeli-satis-sozlesmesi\/#breadcrumb","itemListElement":[{"@type":"ListItem","position":1,"name":"Home","item":"https:\/\/barrsell.com\/"},{"@type":"ListItem","position":2,"name":"Mesafeli Sat\u0131\u015f S\u00f6zle\u015fmesi"}]},{"@type":"WebSite","@id":"https:\/\/barrsell.com\/#website","url":"https:\/\/barrsell.com\/","name":"Barrsell End\u00fcstri Makine","description":"Teknolojiyle G\u00fc\u00e7lenen End\u00fcstriyel \u00c7\u00f6z\u00fcmler!","potentialAction":[{"@type":"SearchAction","target":{"@type":"EntryPoint","urlTemplate":"https:\/\/barrsell.com\/?s={search_term_string}"},"query-input":"required name=search_term_string"}],"inLanguage":"en-US"}]}},"_links":{"self":[{"href":"https:\/\/barrsell.com\/en\/wp-json\/wp\/v2\/pages\/12303","targetHints":{"allow":["GET"]}}],"collection":[{"href":"https:\/\/barrsell.com\/en\/wp-json\/wp\/v2\/pages"}],"about":[{"href":"https:\/\/barrsell.com\/en\/wp-json\/wp\/v2\/types\/page"}],"author":[{"embeddable":true,"href":"https:\/\/barrsell.com\/en\/wp-json\/wp\/v2\/users\/1"}],"replies":[{"embeddable":true,"href":"https:\/\/barrsell.com\/en\/wp-json\/wp\/v2\/comments?post=12303"}],"version-history":[{"count":13,"href":"https:\/\/barrsell.com\/en\/wp-json\/wp\/v2\/pages\/12303\/revisions"}],"predecessor-version":[{"id":20137,"href":"https:\/\/barrsell.com\/en\/wp-json\/wp\/v2\/pages\/12303\/revisions\/20137"}],"wp:attachment":[{"href":"https:\/\/barrsell.com\/en\/wp-json\/wp\/v2\/media?parent=12303"}],"curies":[{"name":"wp","href":"https:\/\/api.w.org\/{rel}","templated":true}]}}