{"id":12292,"date":"2024-08-18T10:50:46","date_gmt":"2024-08-18T10:50:46","guid":{"rendered":"https:\/\/barrsell.com\/?page_id=12292"},"modified":"2025-01-09T11:53:40","modified_gmt":"2025-01-09T11:53:40","slug":"iade-ve-geri-odeme-politikasi","status":"publish","type":"page","link":"https:\/\/barrsell.com\/en\/return-and-refund-policy\/","title":{"rendered":"Return and Refund Policy"},"content":{"rendered":"<div data-elementor-type=\"wp-page\" data-elementor-id=\"12292\" class=\"elementor elementor-12292\" data-elementor-post-type=\"page\">\n\t\t\t\t<div class=\"wd-negative-gap elementor-element elementor-element-b6984ba e-flex e-con-boxed e-con e-parent\" data-id=\"b6984ba\" data-element_type=\"container\" data-settings=\"{&quot;background_background&quot;:&quot;classic&quot;}\">\n\t\t\t\t\t<div class=\"e-con-inner\">\n\t\t\t\t<div class=\"elementor-element elementor-element-f8fc909 wd-width-100 elementor-widget elementor-widget-wd_title\" data-id=\"f8fc909\" data-element_type=\"widget\" data-widget_type=\"wd_title.default\">\n\t\t\t\t<div class=\"elementor-widget-container\">\n\t\t\t\t\t\t\t<div class=\"title-wrapper set-mb-s reset-last-child wd-title-color-default wd-title-style-default wd-title-size-default text-left\">\n\n\t\t\t\n\t\t\t<div class=\"liner-continer\">\n\t\t\t\t<h4 class=\"woodmart-title-container title wd-fontsize-l\">Return and Refund Policy<\/h4> \n\t\t\t\t\t\t\t<\/div>\n\n\t\t\t\t\t<\/div>\n\t\t\t\t\t\t<\/div>\n\t\t\t\t<\/div>\n\t\t\t\t<div class=\"elementor-element elementor-element-c3efa07 elementor-widget elementor-widget-wd_text_block\" data-id=\"c3efa07\" data-element_type=\"widget\" data-widget_type=\"wd_text_block.default\">\n\t\t\t\t<div class=\"elementor-widget-container\">\n\t\t\t\t\t\t\t<div class=\"wd-text-block reset-last-child text-left\">\n\t\t\t\n\t\t\t<p><strong>Return and Refund Policy<\/strong><\/p><p>It is our top priority that your shopping experience is hassle-free and satisfying. For this reason, we would like to transparently share with you our return and refund policy in case you have any problems with our products.<\/p><ol><li><strong> Return Conditions<\/strong><\/li><\/ol><ul><li><strong>Return Period:<\/strong> You can request a return within 14 days from the date you receive the product. During this period, you must contact us and indicate that you want to return your product.<\/li><li><strong>Product Status:<\/strong> Products to be returned must be returned unused, unopened and in their original condition. The product must be returned with its original packaging and accessories.<\/li><\/ul><ol start=\"2\"><li><strong> Return Process<\/strong><\/li><\/ol><ol><li><strong>Get in Touch<\/strong> Contact our customer service team to create your return request. We will provide you with the necessary form for the return process.<\/li><li><strong>Product Delivery:<\/strong> Once your return request has been approved, send the product back as instructed. Keep the shipping tracking number to make sure we receive it.<\/li><li><strong>Evaluation:<\/strong> The returned product will be examined by us and evaluated whether it complies with the return conditions.<\/li><\/ol><ol start=\"3\"><li><strong> Reimbursement<\/strong><\/li><\/ol><ul><li><strong>Return Confirmation:<\/strong> Once your return request is approved, the refund process is initiated. When the product meets the return conditions, your refund will be processed as soon as possible.<\/li><li><strong>Payment Method:<\/strong> Refunds will be made via the payment method you used at the time of purchase. For example, for payments made by credit card, the refund will be made to the same card.<\/li><li><strong>Refund Fees:<\/strong> In the return processes of the products, shipping costs are deducted from the price of the returned products. Cargo and return belongs to the buyer. Detailed information on this subject can be obtained from our customer service upon your request.<\/li><\/ul><ol start=\"4\"><li><strong> Support and Contact<\/strong><\/li><\/ol><p>Should you have any questions or need support with your return request, our customer service team will be happy to assist you.<\/p><p>\u00a0<\/p>\n\t\t\t\t\t<\/div>\n\t\t\t\t\t\t<\/div>\n\t\t\t\t<\/div>\n\t\t\t\t\t<\/div>\n\t\t\t\t<\/div>\n\t\t\t\t<\/div>","protected":false},"excerpt":{"rendered":"<p>\u0130ade ve Geri \u00d6deme Politikas\u0131 \u0130ade ve Geri \u00d6deme Politikas\u0131 Al\u0131\u015fveri\u015finizin sorunsuz ve memnuniyet verici olmas\u0131 bizim i\u00e7in en b\u00fcy\u00fck<\/p>","protected":false},"author":1,"featured_media":0,"parent":0,"menu_order":0,"comment_status":"closed","ping_status":"closed","template":"","meta":{"footnotes":""},"class_list":["post-12292","page","type-page","status-publish","hentry"],"yoast_head":"<!-- This site is optimized with the Yoast SEO Premium plugin v23.2 (Yoast SEO v23.2) - https:\/\/yoast.com\/wordpress\/plugins\/seo\/ -->\n<title>\u0130ade ve Geri \u00d6deme Politikas\u0131 | Barrsell<\/title>\n<meta name=\"robots\" content=\"index, follow, max-snippet:-1, max-image-preview:large, max-video-preview:-1\" \/>\n<link rel=\"canonical\" href=\"https:\/\/barrsell.com\/en\/return-and-refund-policy\/\" \/>\n<meta property=\"og:locale\" content=\"en_US\" \/>\n<meta property=\"og:type\" content=\"article\" \/>\n<meta property=\"og:title\" content=\"\u0130ade ve Geri \u00d6deme Politikas\u0131\" \/>\n<meta property=\"og:description\" content=\"\u0130ade ve Geri \u00d6deme Politikas\u0131 \u0130ade ve Geri \u00d6deme Politikas\u0131 Al\u0131\u015fveri\u015finizin sorunsuz ve memnuniyet verici olmas\u0131 bizim i\u00e7in en b\u00fcy\u00fck\" \/>\n<meta property=\"og:url\" content=\"https:\/\/barrsell.com\/en\/return-and-refund-policy\/\" \/>\n<meta property=\"og:site_name\" content=\"Barrsell\" \/>\n<meta property=\"article:modified_time\" content=\"2025-01-09T11:53:40+00:00\" \/>\n<meta name=\"twitter:card\" content=\"summary_large_image\" \/>\n<meta name=\"twitter:label1\" content=\"Est. reading time\" \/>\n\t<meta name=\"twitter:data1\" content=\"2 minutes\" \/>\n<script type=\"application\/ld+json\" class=\"yoast-schema-graph\">{\"@context\":\"https:\/\/schema.org\",\"@graph\":[{\"@type\":\"WebPage\",\"@id\":\"https:\/\/barrsell.com\/iade-ve-geri-odeme-politikasi\/\",\"url\":\"https:\/\/barrsell.com\/iade-ve-geri-odeme-politikasi\/\",\"name\":\"\u0130ade ve Geri \u00d6deme Politikas\u0131 | Barrsell\",\"isPartOf\":{\"@id\":\"https:\/\/barrsell.com\/#website\"},\"datePublished\":\"2024-08-18T10:50:46+00:00\",\"dateModified\":\"2025-01-09T11:53:40+00:00\",\"breadcrumb\":{\"@id\":\"https:\/\/barrsell.com\/iade-ve-geri-odeme-politikasi\/#breadcrumb\"},\"inLanguage\":\"en-US\",\"potentialAction\":[{\"@type\":\"ReadAction\",\"target\":[\"https:\/\/barrsell.com\/iade-ve-geri-odeme-politikasi\/\"]}]},{\"@type\":\"BreadcrumbList\",\"@id\":\"https:\/\/barrsell.com\/iade-ve-geri-odeme-politikasi\/#breadcrumb\",\"itemListElement\":[{\"@type\":\"ListItem\",\"position\":1,\"name\":\"Home\",\"item\":\"https:\/\/barrsell.com\/\"},{\"@type\":\"ListItem\",\"position\":2,\"name\":\"\u0130ade ve Geri \u00d6deme Politikas\u0131\"}]},{\"@type\":\"WebSite\",\"@id\":\"https:\/\/barrsell.com\/#website\",\"url\":\"https:\/\/barrsell.com\/\",\"name\":\"Barrsell End\u00fcstri Makine\",\"description\":\"Teknolojiyle G\u00fc\u00e7lenen End\u00fcstriyel \u00c7\u00f6z\u00fcmler!\",\"potentialAction\":[{\"@type\":\"SearchAction\",\"target\":{\"@type\":\"EntryPoint\",\"urlTemplate\":\"https:\/\/barrsell.com\/?s={search_term_string}\"},\"query-input\":\"required name=search_term_string\"}],\"inLanguage\":\"en-US\"}]}<\/script>\n<!-- \/ Yoast SEO Premium plugin. -->","yoast_head_json":{"title":"\u0130ade ve Geri \u00d6deme Politikas\u0131 | Barrsell","robots":{"index":"index","follow":"follow","max-snippet":"max-snippet:-1","max-image-preview":"max-image-preview:large","max-video-preview":"max-video-preview:-1"},"canonical":"https:\/\/barrsell.com\/en\/return-and-refund-policy\/","og_locale":"en_US","og_type":"article","og_title":"\u0130ade ve Geri \u00d6deme Politikas\u0131","og_description":"\u0130ade ve Geri \u00d6deme Politikas\u0131 \u0130ade ve Geri \u00d6deme Politikas\u0131 Al\u0131\u015fveri\u015finizin sorunsuz ve memnuniyet verici olmas\u0131 bizim i\u00e7in en b\u00fcy\u00fck","og_url":"https:\/\/barrsell.com\/en\/return-and-refund-policy\/","og_site_name":"Barrsell","article_modified_time":"2025-01-09T11:53:40+00:00","twitter_card":"summary_large_image","twitter_misc":{"Est. reading time":"2 minutes"},"schema":{"@context":"https:\/\/schema.org","@graph":[{"@type":"WebPage","@id":"https:\/\/barrsell.com\/iade-ve-geri-odeme-politikasi\/","url":"https:\/\/barrsell.com\/iade-ve-geri-odeme-politikasi\/","name":"\u0130ade ve Geri \u00d6deme Politikas\u0131 | Barrsell","isPartOf":{"@id":"https:\/\/barrsell.com\/#website"},"datePublished":"2024-08-18T10:50:46+00:00","dateModified":"2025-01-09T11:53:40+00:00","breadcrumb":{"@id":"https:\/\/barrsell.com\/iade-ve-geri-odeme-politikasi\/#breadcrumb"},"inLanguage":"en-US","potentialAction":[{"@type":"ReadAction","target":["https:\/\/barrsell.com\/iade-ve-geri-odeme-politikasi\/"]}]},{"@type":"BreadcrumbList","@id":"https:\/\/barrsell.com\/iade-ve-geri-odeme-politikasi\/#breadcrumb","itemListElement":[{"@type":"ListItem","position":1,"name":"Home","item":"https:\/\/barrsell.com\/"},{"@type":"ListItem","position":2,"name":"\u0130ade ve Geri \u00d6deme Politikas\u0131"}]},{"@type":"WebSite","@id":"https:\/\/barrsell.com\/#website","url":"https:\/\/barrsell.com\/","name":"Barrsell End\u00fcstri Makine","description":"Teknolojiyle G\u00fc\u00e7lenen End\u00fcstriyel \u00c7\u00f6z\u00fcmler!","potentialAction":[{"@type":"SearchAction","target":{"@type":"EntryPoint","urlTemplate":"https:\/\/barrsell.com\/?s={search_term_string}"},"query-input":"required name=search_term_string"}],"inLanguage":"en-US"}]}},"_links":{"self":[{"href":"https:\/\/barrsell.com\/en\/wp-json\/wp\/v2\/pages\/12292","targetHints":{"allow":["GET"]}}],"collection":[{"href":"https:\/\/barrsell.com\/en\/wp-json\/wp\/v2\/pages"}],"about":[{"href":"https:\/\/barrsell.com\/en\/wp-json\/wp\/v2\/types\/page"}],"author":[{"embeddable":true,"href":"https:\/\/barrsell.com\/en\/wp-json\/wp\/v2\/users\/1"}],"replies":[{"embeddable":true,"href":"https:\/\/barrsell.com\/en\/wp-json\/wp\/v2\/comments?post=12292"}],"version-history":[{"count":13,"href":"https:\/\/barrsell.com\/en\/wp-json\/wp\/v2\/pages\/12292\/revisions"}],"predecessor-version":[{"id":20119,"href":"https:\/\/barrsell.com\/en\/wp-json\/wp\/v2\/pages\/12292\/revisions\/20119"}],"wp:attachment":[{"href":"https:\/\/barrsell.com\/en\/wp-json\/wp\/v2\/media?parent=12292"}],"curies":[{"name":"wp","href":"https:\/\/api.w.org\/{rel}","templated":true}]}}