{"id":108,"date":"2022-12-01T13:33:43","date_gmt":"2022-12-01T13:33:43","guid":{"rendered":"http:\/\/dummy.xtemos.com\/woodmart2\/mega-electronics-elementor\/?page_id=108"},"modified":"2024-08-11T12:48:14","modified_gmt":"2024-08-11T12:48:14","slug":"karsilastir","status":"publish","type":"page","link":"https:\/\/barrsell.com\/en\/compare\/","title":{"rendered":"Kar\u015f\u0131la\u015ft\u0131r"},"content":{"rendered":"<div data-elementor-type=\"wp-page\" data-elementor-id=\"108\" class=\"elementor elementor-108\" data-elementor-post-type=\"page\">\n\t\t\t\t\t\t<section class=\"wd-negative-gap elementor-section elementor-top-section elementor-element elementor-element-3888c4a elementor-section-boxed elementor-section-height-default elementor-section-height-default\" data-id=\"3888c4a\" data-element_type=\"section\">\n\t\t\t\t\t\t<div class=\"elementor-container elementor-column-gap-default\">\n\t\t\t\t\t<div class=\"elementor-column elementor-col-100 elementor-top-column elementor-element elementor-element-a3b54d3\" data-id=\"a3b54d3\" data-element_type=\"column\">\n\t\t\t<div class=\"elementor-widget-wrap elementor-element-populated\">\n\t\t\t\t\t\t<div class=\"elementor-element elementor-element-4183600 elementor-widget elementor-widget-wd_compare\" data-id=\"4183600\" data-element_type=\"widget\" data-widget_type=\"wd_compare.default\">\n\t\t\t\t<div class=\"elementor-widget-container\">\n\t\t\t\t\t\t\t<p class=\"wd-empty-compare wd-empty-page\">\n\t\t\tCompare list is empty.\t\t<\/p>\n\t\t\t\t\t<div class=\"wd-empty-page-text translation-block\">There are no products in your comparison list yet.<br> You can find many products on our \"Products\" page.<\/div>\n\t\t\t\t<p class=\"return-to-shop\">\n\t\t\t<a class=\"button\" href=\"https:\/\/barrsell.com\/en\/products\/\">\n\t\t\t\tReturn to shop\t\t\t<\/a>\n\t\t<\/p>\n\t\t\t\t\t\t<\/div>\n\t\t\t\t<\/div>\n\t\t\t\t\t<\/div>\n\t\t<\/div>\n\t\t\t\t\t<\/div>\n\t\t<\/section>\n\t\t\t\t<\/div>","protected":false},"excerpt":{"rendered":"<p>Remove AOC Q24P2Q &pound;280.00 Add to cart Remove AOC AGON AG493UCX Rated 5.00 out of 5 based on 1 customer<\/p>","protected":false},"author":1,"featured_media":0,"parent":0,"menu_order":0,"comment_status":"closed","ping_status":"closed","template":"","meta":{"footnotes":""},"class_list":["post-108","page","type-page","status-publish","hentry"],"yoast_head":"<!-- This site is optimized with the Yoast SEO Premium plugin v23.2 (Yoast SEO v23.2) - https:\/\/yoast.com\/wordpress\/plugins\/seo\/ -->\n<title>Kar\u015f\u0131la\u015ft\u0131r | Barrsell<\/title>\n<meta name=\"robots\" content=\"index, follow, max-snippet:-1, max-image-preview:large, max-video-preview:-1\" \/>\n<link rel=\"canonical\" href=\"https:\/\/barrsell.com\/en\/compare\/\" \/>\n<meta property=\"og:locale\" content=\"en_US\" \/>\n<meta property=\"og:type\" content=\"article\" \/>\n<meta property=\"og:title\" content=\"Kar\u015f\u0131la\u015ft\u0131r\" \/>\n<meta property=\"og:description\" content=\"Remove AOC Q24P2Q &pound;280.00 Add to cart Remove AOC AGON AG493UCX Rated 5.00 out of 5 based on 1 customer\" \/>\n<meta property=\"og:url\" content=\"https:\/\/barrsell.com\/en\/compare\/\" \/>\n<meta property=\"og:site_name\" content=\"Barrsell\" \/>\n<meta property=\"article:modified_time\" content=\"2024-08-11T12:48:14+00:00\" \/>\n<meta property=\"og:image\" content=\"http:\/\/dummy.xtemos.com\/woodmart2\/mega-electronics-elementor\/wp-content\/uploads\/sites\/8\/2022\/12\/aoc-q24p2q-1-430x491.jpg\" \/>\n<meta name=\"twitter:card\" content=\"summary_large_image\" \/>\n<meta name=\"twitter:label1\" content=\"Est. reading time\" \/>\n\t<meta name=\"twitter:data1\" content=\"1 minute\" \/>\n<script type=\"application\/ld+json\" class=\"yoast-schema-graph\">{\"@context\":\"https:\/\/schema.org\",\"@graph\":[{\"@type\":\"WebPage\",\"@id\":\"https:\/\/barrsell.com\/karsilastir\/\",\"url\":\"https:\/\/barrsell.com\/karsilastir\/\",\"name\":\"Kar\u015f\u0131la\u015ft\u0131r | Barrsell\",\"isPartOf\":{\"@id\":\"https:\/\/barrsell.com\/#website\"},\"primaryImageOfPage\":{\"@id\":\"https:\/\/barrsell.com\/karsilastir\/#primaryimage\"},\"image\":{\"@id\":\"https:\/\/barrsell.com\/karsilastir\/#primaryimage\"},\"thumbnailUrl\":\"http:\/\/dummy.xtemos.com\/woodmart2\/mega-electronics-elementor\/wp-content\/uploads\/sites\/8\/2022\/12\/aoc-q24p2q-1-430x491.jpg\",\"datePublished\":\"2022-12-01T13:33:43+00:00\",\"dateModified\":\"2024-08-11T12:48:14+00:00\",\"breadcrumb\":{\"@id\":\"https:\/\/barrsell.com\/karsilastir\/#breadcrumb\"},\"inLanguage\":\"en-US\",\"potentialAction\":[{\"@type\":\"ReadAction\",\"target\":[\"https:\/\/barrsell.com\/karsilastir\/\"]}]},{\"@type\":\"ImageObject\",\"inLanguage\":\"en-US\",\"@id\":\"https:\/\/barrsell.com\/karsilastir\/#primaryimage\",\"url\":\"http:\/\/dummy.xtemos.com\/woodmart2\/mega-electronics-elementor\/wp-content\/uploads\/sites\/8\/2022\/12\/aoc-q24p2q-1-430x491.jpg\",\"contentUrl\":\"http:\/\/dummy.xtemos.com\/woodmart2\/mega-electronics-elementor\/wp-content\/uploads\/sites\/8\/2022\/12\/aoc-q24p2q-1-430x491.jpg\"},{\"@type\":\"BreadcrumbList\",\"@id\":\"https:\/\/barrsell.com\/karsilastir\/#breadcrumb\",\"itemListElement\":[{\"@type\":\"ListItem\",\"position\":1,\"name\":\"Home\",\"item\":\"https:\/\/barrsell.com\/\"},{\"@type\":\"ListItem\",\"position\":2,\"name\":\"Kar\u015f\u0131la\u015ft\u0131r\"}]},{\"@type\":\"WebSite\",\"@id\":\"https:\/\/barrsell.com\/#website\",\"url\":\"https:\/\/barrsell.com\/\",\"name\":\"Barrsell End\u00fcstri Makine\",\"description\":\"Teknolojiyle G\u00fc\u00e7lenen End\u00fcstriyel \u00c7\u00f6z\u00fcmler!\",\"potentialAction\":[{\"@type\":\"SearchAction\",\"target\":{\"@type\":\"EntryPoint\",\"urlTemplate\":\"https:\/\/barrsell.com\/?s={search_term_string}\"},\"query-input\":\"required name=search_term_string\"}],\"inLanguage\":\"en-US\"}]}<\/script>\n<!-- \/ Yoast SEO Premium plugin. -->","yoast_head_json":{"title":"Kar\u015f\u0131la\u015ft\u0131r | Barrsell","robots":{"index":"index","follow":"follow","max-snippet":"max-snippet:-1","max-image-preview":"max-image-preview:large","max-video-preview":"max-video-preview:-1"},"canonical":"https:\/\/barrsell.com\/en\/compare\/","og_locale":"en_US","og_type":"article","og_title":"Kar\u015f\u0131la\u015ft\u0131r","og_description":"Remove AOC Q24P2Q &pound;280.00 Add to cart Remove AOC AGON AG493UCX Rated 5.00 out of 5 based on 1 customer","og_url":"https:\/\/barrsell.com\/en\/compare\/","og_site_name":"Barrsell","article_modified_time":"2024-08-11T12:48:14+00:00","og_image":[{"url":"http:\/\/dummy.xtemos.com\/woodmart2\/mega-electronics-elementor\/wp-content\/uploads\/sites\/8\/2022\/12\/aoc-q24p2q-1-430x491.jpg"}],"twitter_card":"summary_large_image","twitter_misc":{"Est. reading time":"1 minute"},"schema":{"@context":"https:\/\/schema.org","@graph":[{"@type":"WebPage","@id":"https:\/\/barrsell.com\/karsilastir\/","url":"https:\/\/barrsell.com\/karsilastir\/","name":"Kar\u015f\u0131la\u015ft\u0131r | Barrsell","isPartOf":{"@id":"https:\/\/barrsell.com\/#website"},"primaryImageOfPage":{"@id":"https:\/\/barrsell.com\/karsilastir\/#primaryimage"},"image":{"@id":"https:\/\/barrsell.com\/karsilastir\/#primaryimage"},"thumbnailUrl":"http:\/\/dummy.xtemos.com\/woodmart2\/mega-electronics-elementor\/wp-content\/uploads\/sites\/8\/2022\/12\/aoc-q24p2q-1-430x491.jpg","datePublished":"2022-12-01T13:33:43+00:00","dateModified":"2024-08-11T12:48:14+00:00","breadcrumb":{"@id":"https:\/\/barrsell.com\/karsilastir\/#breadcrumb"},"inLanguage":"en-US","potentialAction":[{"@type":"ReadAction","target":["https:\/\/barrsell.com\/karsilastir\/"]}]},{"@type":"ImageObject","inLanguage":"en-US","@id":"https:\/\/barrsell.com\/karsilastir\/#primaryimage","url":"http:\/\/dummy.xtemos.com\/woodmart2\/mega-electronics-elementor\/wp-content\/uploads\/sites\/8\/2022\/12\/aoc-q24p2q-1-430x491.jpg","contentUrl":"http:\/\/dummy.xtemos.com\/woodmart2\/mega-electronics-elementor\/wp-content\/uploads\/sites\/8\/2022\/12\/aoc-q24p2q-1-430x491.jpg"},{"@type":"BreadcrumbList","@id":"https:\/\/barrsell.com\/karsilastir\/#breadcrumb","itemListElement":[{"@type":"ListItem","position":1,"name":"Home","item":"https:\/\/barrsell.com\/"},{"@type":"ListItem","position":2,"name":"Kar\u015f\u0131la\u015ft\u0131r"}]},{"@type":"WebSite","@id":"https:\/\/barrsell.com\/#website","url":"https:\/\/barrsell.com\/","name":"Barrsell End\u00fcstri Makine","description":"Teknolojiyle G\u00fc\u00e7lenen End\u00fcstriyel \u00c7\u00f6z\u00fcmler!","potentialAction":[{"@type":"SearchAction","target":{"@type":"EntryPoint","urlTemplate":"https:\/\/barrsell.com\/?s={search_term_string}"},"query-input":"required name=search_term_string"}],"inLanguage":"en-US"}]}},"_links":{"self":[{"href":"https:\/\/barrsell.com\/en\/wp-json\/wp\/v2\/pages\/108","targetHints":{"allow":["GET"]}}],"collection":[{"href":"https:\/\/barrsell.com\/en\/wp-json\/wp\/v2\/pages"}],"about":[{"href":"https:\/\/barrsell.com\/en\/wp-json\/wp\/v2\/types\/page"}],"author":[{"embeddable":true,"href":"https:\/\/barrsell.com\/en\/wp-json\/wp\/v2\/users\/1"}],"replies":[{"embeddable":true,"href":"https:\/\/barrsell.com\/en\/wp-json\/wp\/v2\/comments?post=108"}],"version-history":[{"count":1,"href":"https:\/\/barrsell.com\/en\/wp-json\/wp\/v2\/pages\/108\/revisions"}],"predecessor-version":[{"id":11484,"href":"https:\/\/barrsell.com\/en\/wp-json\/wp\/v2\/pages\/108\/revisions\/11484"}],"wp:attachment":[{"href":"https:\/\/barrsell.com\/en\/wp-json\/wp\/v2\/media?parent=108"}],"curies":[{"name":"wp","href":"https:\/\/api.w.org\/{rel}","templated":true}]}}